{"id":1298,"date":"2018-01-16T11:25:00","date_gmt":"2018-01-16T13:25:00","guid":{"rendered":"https:\/\/arduxop.com.br\/loja\/produto\/microcontrolador-16f819\/"},"modified":"2024-07-25T07:58:13","modified_gmt":"2024-07-25T11:58:13","slug":"microcontrolador-16f819","status":"publish","type":"product","link":"https:\/\/arduxop.com.br\/loja\/produto\/microcontrolador-16f819\/","title":{"rendered":"Microcontrolador 16f819"},"content":{"rendered":"<p>Este poderoso (execu\u00e7\u00e3o de 200 nanossegundos instru\u00e7\u00e3o) ainda f\u00e1ceis de programa (somente 35 instru\u00e7\u00f5es \u00fanica palavra) baseado em Flash CMOS 8-bit microcontrolador embala a arquitetura poderosa de PIC do microchip em um pacote de 18 pinos e \u00e9 mais compat\u00edvel com o PIC16C7x, PIC16C62xA , dispositivos e PIC16C5X PIC12CXXX. O PIC16F819 possui oscilador interno de 8MHz, 256 bytes de mem\u00f3ria de dados EEPROM, uma captura \/ compare \/ PWM, uma porta serial s\u00edncrona que pode ser configurado como 3 fios Interface Perif\u00e9rica Serial (SPI \u2122) ou a 2 fios Inter-Integrated Circuit (I\u00b2C \u2122) de \u00f4nibus e 5 canais de 10-bit anal\u00f3gico-digital (A \/ D) que o tornam ideal para a vantagem anal\u00f3gico \/ aplica\u00e7\u00f5es de n\u00edvel integrados em automotivos, industriais, aparelhos e aplica\u00e7\u00f5es de consumo.Especifica\u00e7\u00f5es:Parameter Name\tValueProgram Memory Type\tFlashProgram Memory (KB)\t3.5CPU Speed (MIPS)\t5RAM Bytes\t256Data EEPROM (bytes)\t256Digital Communication Peripherals\t1-SPI, 1-I2C1-SSP(SPI\/I2C)Capture\/Compare\/PWM Peripherals\t1 CCPTimers\t2 x 8-bit, 1 x 16-bitADC\t5 ch, 10-bitTemperature Range (C)\t-40 to 125Operating Voltage Range (V)\t2 to 5.5Pin Count\t18Cap Touch Channels\t5<\/p>\n","protected":false},"excerpt":{"rendered":"<p>Este poderoso (execu\u00e7\u00e3o de 200 nanossegundos instru\u00e7\u00e3o) ainda f\u00e1ceis de programa (somente 35 instru\u00e7\u00f5es \u00fanica palavra) baseado em Flash CMOS 8-bit microcontrolador embala a arquitetura poderosa de PIC do microchip em um pacote de 18 pinos e \u00e9 mais compat\u00edvel com o PIC16C7x, PIC16C62xA , dispositivos e PIC16C5X PIC12CXXX. O PIC16F819 possui oscilador interno de [&hellip;]<\/p>\n","protected":false},"featured_media":1299,"template":"","meta":[],"product_brand":[],"product_cat":[174],"product_tag":[],"class_list":{"0":"post-1298","1":"product","2":"type-product","3":"status-publish","4":"has-post-thumbnail","6":"product_cat-pic","8":"entry","9":"has-media","11":"first","12":"instock","13":"sold-individually","14":"purchasable","15":"product-type-simple","16":"has-product-nav","17":"col","18":"span_1_of_3","19":"owp-content-center","20":"owp-thumbs-layout-horizontal","21":"owp-btn-normal","22":"owp-tabs-layout-horizontal"},"_links":{"self":[{"href":"https:\/\/arduxop.com.br\/loja\/wp-json\/wp\/v2\/product\/1298","targetHints":{"allow":["GET"]}}],"collection":[{"href":"https:\/\/arduxop.com.br\/loja\/wp-json\/wp\/v2\/product"}],"about":[{"href":"https:\/\/arduxop.com.br\/loja\/wp-json\/wp\/v2\/types\/product"}],"wp:featuredmedia":[{"embeddable":true,"href":"https:\/\/arduxop.com.br\/loja\/wp-json\/wp\/v2\/media\/1299"}],"wp:attachment":[{"href":"https:\/\/arduxop.com.br\/loja\/wp-json\/wp\/v2\/media?parent=1298"}],"wp:term":[{"taxonomy":"product_brand","embeddable":true,"href":"https:\/\/arduxop.com.br\/loja\/wp-json\/wp\/v2\/product_brand?post=1298"},{"taxonomy":"product_cat","embeddable":true,"href":"https:\/\/arduxop.com.br\/loja\/wp-json\/wp\/v2\/product_cat?post=1298"},{"taxonomy":"product_tag","embeddable":true,"href":"https:\/\/arduxop.com.br\/loja\/wp-json\/wp\/v2\/product_tag?post=1298"}],"curies":[{"name":"wp","href":"https:\/\/api.w.org\/{rel}","templated":true}]}}