{"id":1288,"date":"2018-01-16T11:25:00","date_gmt":"2018-01-16T14:25:00","guid":{"rendered":"https:\/\/arduxop.com.br\/loja\/produto\/mpu-6050\/"},"modified":"2024-07-25T07:58:15","modified_gmt":"2024-07-25T11:58:15","slug":"mpu-6050","status":"publish","type":"product","link":"https:\/\/arduxop.com.br\/loja\/produto\/mpu-6050\/","title":{"rendered":"Aceler\u00f4metro Girosc\u00f3pio 3 Eixos Mpu-6050 Gy-521"},"content":{"rendered":"<p>Atrav\u00e9s da combina\u00e7\u00e3o de um girosc\u00f3pio de 3 eixos e um aceler\u00f3metro de tr\u00eas eixos no mesmo bloco de sil\u00edcio<\/p>\n<p>aliados a um processador integrado de movimento Digital \u2122 (DMP \u2122) com capacidade de processamento de<\/p>\n<p>algoritmos complexos de fus\u00e3o de 9 eixos de movimento, o MPU-6050 resolve os problemas de alinhamento dos<\/p>\n<p>eixos que facilmente ocorre com o uso de componetes discretos. O MPU-6050 pode ainda acessar magnet\u00f4metros<\/p>\n<p>externos ou outros sensores atrav\u00e9s de um barramento mestre auxiliar I2C, permitindo reunir um conjunto<\/p>\n<p>completo de dados de sensores sem a interven\u00e7\u00e3o do processador do sistema.<\/p>\n<p>&gt;&gt; Acelerometro de 3 eixos, giroscopio de 3 eixos e processador digital de movimento integrados em um \u00fanico<\/p>\n<p>chip;<\/p>\n<p>&gt;&gt; Tens\u00e3o de alimenta\u00e7\u00e3o: 3,3v a 5v;<\/p>\n<p>&gt;&gt; Girosc\u00f3pio program\u00e1vel pelo usu\u00e1rio. Escalas: \u00b1 250, \u00b1 500, \u00b1 1000 e 2000 \u00b1 \u00b0 \/ seg (PD);<\/p>\n<p>&gt;&gt; Aceler\u00f4metro program\u00e1vel pelo usu\u00e1rio faixa de escala: \u00b1 2g, 4g \u00b1, \u00b1 8g, e \u00b1 16g;<\/p>\n<p>&gt;&gt; Conversor ADC integrado de 16 bits;<\/p>\n<p>&gt;&gt; Conec\u00e7\u00e3o I2c;<\/p>\n<p>&gt;&gt; Barrmento auxiliar mestre I2C;<\/p>\n","protected":false},"excerpt":{"rendered":"<p>Atrav\u00e9s da combina\u00e7\u00e3o de um girosc\u00f3pio de 3 eixos e um aceler\u00f3metro de tr\u00eas eixos no mesmo bloco de sil\u00edcio aliados a um processador integrado de movimento Digital \u2122 (DMP \u2122) com capacidade de processamento de algoritmos complexos de fus\u00e3o de 9 eixos de movimento, o MPU-6050 resolve os problemas de alinhamento dos eixos que [&hellip;]<\/p>\n","protected":false},"featured_media":1289,"template":"","meta":[],"product_brand":[],"product_cat":[209,50,178],"product_tag":[],"class_list":{"0":"post-1288","1":"product","2":"type-product","3":"status-publish","4":"has-post-thumbnail","6":"product_cat-gps","7":"product_cat-modulos","8":"product_cat-sensores","10":"entry","11":"has-media","13":"first","14":"outofstock","15":"purchasable","16":"product-type-simple","17":"has-product-nav","18":"col","19":"span_1_of_3","20":"owp-content-center","21":"owp-thumbs-layout-horizontal","22":"owp-btn-normal","23":"owp-tabs-layout-horizontal"},"_links":{"self":[{"href":"https:\/\/arduxop.com.br\/loja\/wp-json\/wp\/v2\/product\/1288","targetHints":{"allow":["GET"]}}],"collection":[{"href":"https:\/\/arduxop.com.br\/loja\/wp-json\/wp\/v2\/product"}],"about":[{"href":"https:\/\/arduxop.com.br\/loja\/wp-json\/wp\/v2\/types\/product"}],"wp:featuredmedia":[{"embeddable":true,"href":"https:\/\/arduxop.com.br\/loja\/wp-json\/wp\/v2\/media\/1289"}],"wp:attachment":[{"href":"https:\/\/arduxop.com.br\/loja\/wp-json\/wp\/v2\/media?parent=1288"}],"wp:term":[{"taxonomy":"product_brand","embeddable":true,"href":"https:\/\/arduxop.com.br\/loja\/wp-json\/wp\/v2\/product_brand?post=1288"},{"taxonomy":"product_cat","embeddable":true,"href":"https:\/\/arduxop.com.br\/loja\/wp-json\/wp\/v2\/product_cat?post=1288"},{"taxonomy":"product_tag","embeddable":true,"href":"https:\/\/arduxop.com.br\/loja\/wp-json\/wp\/v2\/product_tag?post=1288"}],"curies":[{"name":"wp","href":"https:\/\/api.w.org\/{rel}","templated":true}]}}