{"id":1276,"date":"2018-01-16T11:25:00","date_gmt":"2018-01-16T13:25:00","guid":{"rendered":"https:\/\/arduxop.com.br\/loja\/produto\/rele-5-a-12-v-05-a-metaltex\/"},"modified":"2024-07-25T07:58:17","modified_gmt":"2024-07-25T11:58:17","slug":"rele-5-a-12-v-05-a-metaltex","status":"publish","type":"product","link":"https:\/\/arduxop.com.br\/loja\/produto\/rele-5-a-12-v-05-a-metaltex\/","title":{"rendered":"Rel\u00e9 5 a 12 V &#8211; 0,5 A &#8211; METALTEX"},"content":{"rendered":"<p>Descri\u00e7\u00e3o Rel\u00e9 12 V &#8211; 0,5 A &#8211; METALTEX<\/p>\n<p>Rel\u00e9 para placa de circuito impresso ou protoboard com um contato NA.<\/p>\n<p>Especifica\u00e7\u00f5es<\/p>\n<p>Modelo: SH1NAC2;<\/p>\n<p>Tens\u00e3o: 12 VCC;<\/p>\n<p>Corrente m\u00e1xima suportada: 0,5 A;<\/p>\n<p>Contatos: 1.,<\/p>\n<p>http:\/\/www.roboshop.com.br\/reles\/1497326.pdf<\/p>\n","protected":false},"excerpt":{"rendered":"<p>Rel\u00e9 para placa de circuito impresso ou protoboard com um contato NA.<\/p>\n","protected":false},"featured_media":1277,"template":"","meta":[],"product_brand":[],"product_cat":[177],"product_tag":[],"class_list":{"0":"post-1276","1":"product","2":"type-product","3":"status-publish","4":"has-post-thumbnail","6":"product_cat-reles","8":"entry","9":"has-media","11":"first","12":"instock","13":"sale","14":"purchasable","15":"product-type-simple","16":"has-product-nav","17":"col","18":"span_1_of_3","19":"owp-content-center","20":"owp-thumbs-layout-horizontal","21":"owp-btn-normal","22":"owp-tabs-layout-horizontal"},"_links":{"self":[{"href":"https:\/\/arduxop.com.br\/loja\/wp-json\/wp\/v2\/product\/1276","targetHints":{"allow":["GET"]}}],"collection":[{"href":"https:\/\/arduxop.com.br\/loja\/wp-json\/wp\/v2\/product"}],"about":[{"href":"https:\/\/arduxop.com.br\/loja\/wp-json\/wp\/v2\/types\/product"}],"wp:featuredmedia":[{"embeddable":true,"href":"https:\/\/arduxop.com.br\/loja\/wp-json\/wp\/v2\/media\/1277"}],"wp:attachment":[{"href":"https:\/\/arduxop.com.br\/loja\/wp-json\/wp\/v2\/media?parent=1276"}],"wp:term":[{"taxonomy":"product_brand","embeddable":true,"href":"https:\/\/arduxop.com.br\/loja\/wp-json\/wp\/v2\/product_brand?post=1276"},{"taxonomy":"product_cat","embeddable":true,"href":"https:\/\/arduxop.com.br\/loja\/wp-json\/wp\/v2\/product_cat?post=1276"},{"taxonomy":"product_tag","embeddable":true,"href":"https:\/\/arduxop.com.br\/loja\/wp-json\/wp\/v2\/product_tag?post=1276"}],"curies":[{"name":"wp","href":"https:\/\/api.w.org\/{rel}","templated":true}]}}