{"id":1271,"date":"2018-01-16T11:25:00","date_gmt":"2018-01-16T13:25:00","guid":{"rendered":"https:\/\/arduxop.com.br\/loja\/produto\/receptor-infravermelho-1838b\/"},"modified":"2024-09-19T15:35:01","modified_gmt":"2024-09-19T19:35:01","slug":"receptor-infravermelho-1838b","status":"publish","type":"product","link":"https:\/\/arduxop.com.br\/loja\/produto\/receptor-infravermelho-1838b\/","title":{"rendered":"Receptor Infravermelho 1838b"},"content":{"rendered":"<p>F\u00e1cil a integra\u00e7\u00e3o deste produto com microcontroladores, tais como PIC, Arduino, AVR, Atmel e outros.<\/p>\n<p>Caracter\u00edsticas:Tens\u00e3o de trabalho: 2,7V ~ 5,5V<\/p>\n<p>Consumo de corrente: 1,5uA<\/p>\n<p>Frequ\u00eancia de trabalho: 38Khz\u00c2ngulo: +\/- 45\u00b0<\/p>\n<p>Tens\u00e3o em n\u00edvel l\u00f3gico baixo: 0,4V<\/p>\n<p>Tens\u00e3o em n\u00edvel l\u00f3gico alto: at\u00e9 4,5V<\/p>\n<p>Temperatura de trabalho: -20\u00b0 ~ 85\u00b0<\/p>\n","protected":false},"excerpt":{"rendered":"<p><br data-mce-bogus=\"1\"><\/p>\n","protected":false},"featured_media":1272,"template":"","meta":[],"product_brand":[],"product_cat":[178],"product_tag":[],"class_list":{"0":"post-1271","1":"product","2":"type-product","3":"status-publish","4":"has-post-thumbnail","6":"product_cat-sensores","8":"entry","9":"has-media","11":"first","12":"instock","13":"purchasable","14":"product-type-simple","15":"has-product-nav","16":"col","17":"span_1_of_3","18":"owp-content-center","19":"owp-thumbs-layout-horizontal","20":"owp-btn-normal","21":"owp-tabs-layout-horizontal"},"_links":{"self":[{"href":"https:\/\/arduxop.com.br\/loja\/wp-json\/wp\/v2\/product\/1271","targetHints":{"allow":["GET"]}}],"collection":[{"href":"https:\/\/arduxop.com.br\/loja\/wp-json\/wp\/v2\/product"}],"about":[{"href":"https:\/\/arduxop.com.br\/loja\/wp-json\/wp\/v2\/types\/product"}],"wp:featuredmedia":[{"embeddable":true,"href":"https:\/\/arduxop.com.br\/loja\/wp-json\/wp\/v2\/media\/1272"}],"wp:attachment":[{"href":"https:\/\/arduxop.com.br\/loja\/wp-json\/wp\/v2\/media?parent=1271"}],"wp:term":[{"taxonomy":"product_brand","embeddable":true,"href":"https:\/\/arduxop.com.br\/loja\/wp-json\/wp\/v2\/product_brand?post=1271"},{"taxonomy":"product_cat","embeddable":true,"href":"https:\/\/arduxop.com.br\/loja\/wp-json\/wp\/v2\/product_cat?post=1271"},{"taxonomy":"product_tag","embeddable":true,"href":"https:\/\/arduxop.com.br\/loja\/wp-json\/wp\/v2\/product_tag?post=1271"}],"curies":[{"name":"wp","href":"https:\/\/api.w.org\/{rel}","templated":true}]}}