{"id":1254,"date":"2018-01-16T11:25:00","date_gmt":"2018-01-16T14:25:00","guid":{"rendered":"https:\/\/arduxop.com.br\/loja\/produto\/gravador-de-pic-k150-usb\/"},"modified":"2024-07-25T07:58:06","modified_gmt":"2024-07-25T11:58:06","slug":"gravador-de-pic-k150-usb","status":"publish","type":"product","link":"https:\/\/arduxop.com.br\/loja\/produto\/gravador-de-pic-k150-usb\/","title":{"rendered":"Gravador De Pic K150 Usb"},"content":{"rendered":"<p>Acompanha:<br \/>\n01 &#8211; PIC programmer K150;<br \/>\n01 &#8211; Cabo USB;<br \/>\n01 &#8211; Cabo grava\u00e7\u00e3o via ICSP;<br \/>\n01 &#8211; Drive, Software e manual de instala\u00e7\u00e3o (link para download);<\/p>\n<p>PIC MCU modelos supportados:<\/p>\n<p>10 Series:<br \/>\nPIC10F200 * PIC10F202 * PIC10F204 * PIC10F206 *<br \/>\nPIC10F220 * PIC10F222 *<\/p>\n<p>12C Series:<br \/>\nPIC12C508 PIC12C508A PIC12C509 PIC12C509A<br \/>\nPIC12C671 PIC12C672 PIC12CE518 PIC12CE519<br \/>\nPIC12CE673 PIC12CE674<\/p>\n<p>12F Series:<br \/>\nPIC12F508 PIC12F509 PIC12F629 PIC12F635<br \/>\nPIC12F675 PIC12F683<\/p>\n<p>16C Series:<br \/>\nPIC16C505 PIC16C554 PIC16C558 PIC16C61<br \/>\nPIC16C62 PIC16C62A PIC16C62B PIC16C63<br \/>\nPIC16C63A PIC 16C64 PIC16C64A PIC16C65<br \/>\nPIC16C65A PIC16C65B PIC16C66 PIC16C66A<br \/>\nPIC16C67 PIC16C620 PIC16C620A PIC16C621<br \/>\nPIC16C621A PIC16C622 PIC16C622A PIC16C71<br \/>\nPIC16C71A PIC16C72 PIC16C72A PIC16C73<br \/>\nPIC16C73A PIC16C73B PIC16C74 PIC16C74A<br \/>\nPIC16C74B PIC16C76 PIC16C77 PIC16C710<br \/>\nPIC16C711 PIC16C712 PIC16C716 PIC16C745<br \/>\nPIC16C765 PIC16C773 PIC16C774 PIC16C83<br \/>\nPIC16C84<\/p>\n<p>16F Series:<br \/>\nPIC16F505 PIC16F506 PIC16F54 PIC16F57 *<br \/>\nPIC16F59 * PIC16F627 PIC16LF627A PIC16F627A<br \/>\nPIC16F628 PIC16LF628A PIC16F628A PIC16F630<br \/>\nPIC16F631 PIC16F631-1 PIC16F636 PIC16F636-1<br \/>\nPIC16F639 * PIC16F639-1 * PIC16F648A PIC16F676<br \/>\nPIC16F677 PIC16F677-1 PIC16F684 PIC16F685 *<br \/>\nPIC16F685-1 * PIC16F687 * PIC16F687 *- 1 PIC16F688<br \/>\nPIC16F689 * PIC16F689-1 * PIC16F690 * PIC16F690-1 *<br \/>\nPIC16C716 PIC16F72 PIC16F73 PIC16F74<br \/>\nPIC16F76 PIC16F77 PIC16F737 PIC16F747<br \/>\nPIC16F767 PIC16F777 PIC16F83 PIC16F84<br \/>\nPIC16F84A PIC16F87 PIC16F88 PIC16F818<br \/>\nPIC16F819 PIC16F870 PIC16F871 PIC16F872<br \/>\nPIC16F873 PIC16F873A PIC16LF873A PIC16F874<br \/>\nPIC16F874A PIC16F876 PIC16F876A PIC16F877<br \/>\nPIC16F877A<\/p>\n<p>18 Series:<br \/>\nPIC18F242 PIC18F248 PIC18F252 PIC18F258 PIC18F442 PIC18F448<br \/>\nPIC18F452 PIC18F458 PIC18F1220 PIC18F1320 PIC18F2220 PIC18F2320<br \/>\nPIC18F2321 PIC18F4210 PIC18F2331 PIC18F2450 PIC18F2455 PIC18F2480<br \/>\nPIC18F2510 PIC18F2515 PIC18F2520 PIC18F2525 PIC18F2550 PIC18F2580<br \/>\nPIC18F2585 PIC18F2610 PIC18F2620 PIC18F2680 PIC18F4220 PIC18F4320<br \/>\nPIC18F6525 PIC18F6621 PIC18F8525 PIC18F8621 PIC18F2331 PIC18F2431<br \/>\nPIC18F4331 PIC18F4431 PIC18F2455 PIC18F2550 PIC18F4455 PIC18F4550<br \/>\nPIC18F4580 PIC18F2580 PIC18F2420 PIC18F2520 PIC18F2620 PIC18F6520<br \/>\nPIC18F6620 PIC18F6720 PIC18F6585 PIC18F6680 PIC18F8585 PIC18F8680<\/p>\n<p>http:\/\/www.uctronics.com\/download\/U0696_PIC_K150_USB_Automatic_Microcontroller_Programmer.zip<\/p>\n","protected":false},"excerpt":{"rendered":"<p>Acompanha: 01 &#8211; PIC programmer K150; 01 &#8211; Cabo USB; 01 &#8211; Cabo grava\u00e7\u00e3o via ICSP; 01 &#8211; Drive, Software e manual de instala\u00e7\u00e3o (link para download); PIC MCU modelos supportados: 10 Series: PIC10F200 * PIC10F202 * PIC10F204 * PIC10F206 * PIC10F220 * PIC10F222 * 12C Series: PIC12C508 PIC12C508A PIC12C509 PIC12C509A PIC12C671 PIC12C672 PIC12CE518 PIC12CE519 [&hellip;]<\/p>\n","protected":false},"featured_media":1255,"template":"","meta":[],"product_brand":[],"product_cat":[49,174],"product_tag":[],"class_list":{"0":"post-1254","1":"product","2":"type-product","3":"status-publish","4":"has-post-thumbnail","6":"product_cat-microprocessadores","7":"product_cat-pic","9":"entry","10":"has-media","12":"first","13":"instock","14":"sale","15":"purchasable","16":"product-type-simple","17":"has-product-nav","18":"col","19":"span_1_of_3","20":"owp-content-center","21":"owp-thumbs-layout-horizontal","22":"owp-btn-normal","23":"owp-tabs-layout-horizontal"},"_links":{"self":[{"href":"https:\/\/arduxop.com.br\/loja\/wp-json\/wp\/v2\/product\/1254","targetHints":{"allow":["GET"]}}],"collection":[{"href":"https:\/\/arduxop.com.br\/loja\/wp-json\/wp\/v2\/product"}],"about":[{"href":"https:\/\/arduxop.com.br\/loja\/wp-json\/wp\/v2\/types\/product"}],"wp:featuredmedia":[{"embeddable":true,"href":"https:\/\/arduxop.com.br\/loja\/wp-json\/wp\/v2\/media\/1255"}],"wp:attachment":[{"href":"https:\/\/arduxop.com.br\/loja\/wp-json\/wp\/v2\/media?parent=1254"}],"wp:term":[{"taxonomy":"product_brand","embeddable":true,"href":"https:\/\/arduxop.com.br\/loja\/wp-json\/wp\/v2\/product_brand?post=1254"},{"taxonomy":"product_cat","embeddable":true,"href":"https:\/\/arduxop.com.br\/loja\/wp-json\/wp\/v2\/product_cat?post=1254"},{"taxonomy":"product_tag","embeddable":true,"href":"https:\/\/arduxop.com.br\/loja\/wp-json\/wp\/v2\/product_tag?post=1254"}],"curies":[{"name":"wp","href":"https:\/\/api.w.org\/{rel}","templated":true}]}}