{"id":1241,"date":"2018-01-16T11:25:00","date_gmt":"2018-01-16T14:25:00","guid":{"rendered":"https:\/\/arduxop.com.br\/loja\/produto\/jumper-fio-65-pecas-macho-macho\/"},"modified":"2024-07-25T07:58:08","modified_gmt":"2024-07-25T11:58:08","slug":"jumper-fio-65-pecas-macho-macho","status":"publish","type":"product","link":"https:\/\/arduxop.com.br\/loja\/produto\/jumper-fio-65-pecas-macho-macho\/","title":{"rendered":"Jumper Fio 65 Pe\u00e7as Macho &#8211; Macho"},"content":{"rendered":"<p>__\u00a0Jumpers Fios Macho \/ Macho__<\/p>\n<p>_Kit 65 Pe\u00e7as_<\/p>\n<p>Especifica\u00e7\u00f5es:<\/p>\n<div>=&gt; 49 pcs 12 cm<\/div>\n<div>=&gt; \u00a08 pcs 15 cm<\/div>\n<div>=&gt; \u00a04 pcs 20 cm<\/div>\n<div>=&gt; \u00a04 pcs 24 cm<\/div>\n<div><\/div>\n<div><\/div>\n","protected":false},"excerpt":{"rendered":"<p>__\u00a0Jumpers Fios Macho \/ Macho__ _Kit 65 Pe\u00e7as_ Especifica\u00e7\u00f5es: =&gt; 49 pcs 12 cm =&gt; \u00a08 pcs 15 cm =&gt; \u00a04 pcs 20 cm =&gt; \u00a04 pcs 24 cm<\/p>\n","protected":false},"featured_media":1242,"template":"","meta":[],"product_brand":[],"product_cat":[184],"product_tag":[402],"class_list":{"0":"post-1241","1":"product","2":"type-product","3":"status-publish","4":"has-post-thumbnail","6":"product_cat-fios-e-cabos","7":"product_tag-jumper","9":"entry","10":"has-media","12":"first","13":"instock","14":"purchasable","15":"product-type-simple","16":"has-product-nav","17":"col","18":"span_1_of_3","19":"owp-content-center","20":"owp-thumbs-layout-horizontal","21":"owp-btn-normal","22":"owp-tabs-layout-horizontal"},"_links":{"self":[{"href":"https:\/\/arduxop.com.br\/loja\/wp-json\/wp\/v2\/product\/1241","targetHints":{"allow":["GET"]}}],"collection":[{"href":"https:\/\/arduxop.com.br\/loja\/wp-json\/wp\/v2\/product"}],"about":[{"href":"https:\/\/arduxop.com.br\/loja\/wp-json\/wp\/v2\/types\/product"}],"wp:featuredmedia":[{"embeddable":true,"href":"https:\/\/arduxop.com.br\/loja\/wp-json\/wp\/v2\/media\/1242"}],"wp:attachment":[{"href":"https:\/\/arduxop.com.br\/loja\/wp-json\/wp\/v2\/media?parent=1241"}],"wp:term":[{"taxonomy":"product_brand","embeddable":true,"href":"https:\/\/arduxop.com.br\/loja\/wp-json\/wp\/v2\/product_brand?post=1241"},{"taxonomy":"product_cat","embeddable":true,"href":"https:\/\/arduxop.com.br\/loja\/wp-json\/wp\/v2\/product_cat?post=1241"},{"taxonomy":"product_tag","embeddable":true,"href":"https:\/\/arduxop.com.br\/loja\/wp-json\/wp\/v2\/product_tag?post=1241"}],"curies":[{"name":"wp","href":"https:\/\/api.w.org\/{rel}","templated":true}]}}