{"id":1234,"date":"2018-01-16T10:25:00","date_gmt":"2018-01-16T13:25:00","guid":{"rendered":"https:\/\/arduxop.com.br\/loja\/produto\/ky-023-xy-axis-joystick-module\/"},"modified":"2024-07-25T07:59:12","modified_gmt":"2024-07-25T11:59:12","slug":"ky-023-xy-axis-joystick-module","status":"publish","type":"product","link":"https:\/\/arduxop.com.br\/loja\/produto\/ky-023-xy-axis-joystick-module\/","title":{"rendered":"Joystick 3 eixos"},"content":{"rendered":"<p>Joystick 3 Eixos Arduino, CNC, Games<\/p>\n<p>Este Joystick tem seu princ\u00edpio de funcionamento atrav\u00e9s do controle de 2 potenci\u00f4metros e um bot\u00e3o. Duas das entradas dos potenci\u00f4metros referem-se aos eixos X e Y, sendo que o bot\u00e3o quando pressionado refere-se ao eixo Z. Logo este Joystick cont\u00e9m o total de tr\u00eas interfaces de entradas que s\u00e3o utilizadas para conectar ao eixo X, Y e Z.<\/p>\n<p>Pinagem:<\/p>\n<p>&#8211; +5V: 3,3-5V<br \/>&#8211; GND: GND<br \/>&#8211; VRx: Sa\u00edda Anal\u00f3gica Eixo X<br \/>&#8211; VRy: Sa\u00edda Anal\u00f3gica Eixo Y<br \/>&#8211; SW: Sa\u00edda Digital Eixo Z<\/p>\n<p>Especifica\u00e7\u00f5es:<br \/>&#8211; Tens\u00e3o de Opera\u00e7\u00e3o: 3,3-5V<br \/>&#8211; Marca: Keyes<br \/>&#8211; Modelo: KY-023<br \/>&#8211; Dimens\u00f5es: 37 x 25 x 32mm<br \/>&#8211; Peso: 15g<\/p>\n","protected":false},"excerpt":{"rendered":"<p><br data-mce-bogus=\"1\"><\/p>\n","protected":false},"featured_media":2474,"template":"","meta":[],"product_brand":[],"product_cat":[195,50,409],"product_tag":[],"class_list":{"0":"post-1234","1":"product","2":"type-product","3":"status-publish","4":"has-post-thumbnail","6":"product_cat-controle-remoto","7":"product_cat-modulos","8":"product_cat-robotica","10":"entry","11":"has-media","13":"first","14":"instock","15":"sold-individually","16":"purchasable","17":"product-type-simple","18":"has-product-nav","19":"col","20":"span_1_of_3","21":"owp-content-center","22":"owp-thumbs-layout-horizontal","23":"owp-btn-normal","24":"owp-tabs-layout-horizontal"},"_links":{"self":[{"href":"https:\/\/arduxop.com.br\/loja\/wp-json\/wp\/v2\/product\/1234","targetHints":{"allow":["GET"]}}],"collection":[{"href":"https:\/\/arduxop.com.br\/loja\/wp-json\/wp\/v2\/product"}],"about":[{"href":"https:\/\/arduxop.com.br\/loja\/wp-json\/wp\/v2\/types\/product"}],"wp:featuredmedia":[{"embeddable":true,"href":"https:\/\/arduxop.com.br\/loja\/wp-json\/wp\/v2\/media\/2474"}],"wp:attachment":[{"href":"https:\/\/arduxop.com.br\/loja\/wp-json\/wp\/v2\/media?parent=1234"}],"wp:term":[{"taxonomy":"product_brand","embeddable":true,"href":"https:\/\/arduxop.com.br\/loja\/wp-json\/wp\/v2\/product_brand?post=1234"},{"taxonomy":"product_cat","embeddable":true,"href":"https:\/\/arduxop.com.br\/loja\/wp-json\/wp\/v2\/product_cat?post=1234"},{"taxonomy":"product_tag","embeddable":true,"href":"https:\/\/arduxop.com.br\/loja\/wp-json\/wp\/v2\/product_tag?post=1234"}],"curies":[{"name":"wp","href":"https:\/\/api.w.org\/{rel}","templated":true}]}}