{"id":1223,"date":"2018-01-16T11:24:27","date_gmt":"2018-01-16T13:24:27","guid":{"rendered":"https:\/\/arduxop.com.br\/loja\/produto\/ky-028-temperature-sensor-module\/"},"modified":"2024-07-25T07:58:25","modified_gmt":"2024-07-25T11:58:25","slug":"ky-028-temperature-sensor-module","status":"publish","type":"product","link":"https:\/\/arduxop.com.br\/loja\/produto\/ky-028-temperature-sensor-module\/","title":{"rendered":"KY-028 M\u00f3dulo Sensor de Temperatura"},"content":{"rendered":"<p>O <strong><a href=\"https:\/\/www.smartkits.com.br\/modulo-sensor-de-temperatura-digital-ntc-ky-028\">M\u00f3dulo Sensor de Temperatura Digital NTC KY-028<\/a><\/strong> pode ser usado como chave t\u00e9rmica mudando de estado l\u00f3gico quando atingir uma determinada temperatura. Ele \u00e9 formado por um termistor NTC (Negative Temperature Coefficient), um trimpot para ajuste da temperatura de limiar, e um circuito comparador. Pode ser utilizado com <strong><a href=\"https:\/\/www.smartkits.com.br\/arduino\/placas-arduino-open-hardware\">Arduino<\/a><\/strong> e microcontroladores similares.<\/p>\n<pre><strong>Especifica\u00e7\u00f5es<\/strong>\r\n- Modelo: KY-028;\r\n- Comparador: LM393;\r\n- Alimenta\u00e7\u00e3o: 3,3V a 5V;\r\n- Detec\u00e7\u00e3o de temperatura: -55\u00b0C a +125\u00b0C;\r\n- Tipo de sa\u00edda: Anal\u00f3gica e Digital (0 ou 1);\r\n- Dimens\u00f5es: 38 x 15 x 14mm;\r\n- Peso: 3g.\r\n<\/pre>\n<pre><strong>Acompanha <\/strong>\r\n01 - M\u00f3dulo Sensor de Temperatura Digital NTC KY-028.\r\n<\/pre>\n","protected":false},"excerpt":{"rendered":"<p>O M\u00f3dulo Sensor de Temperatura Digital NTC KY-028 pode ser usado como chave t\u00e9rmica mudando de estado l\u00f3gico quando atingir uma determinada temperatura. Ele \u00e9 formado por um termistor NTC (Negative Temperature Coefficient), um trimpot para ajuste da temperatura de limiar, e um circuito comparador. Pode ser utilizado com Arduino e microcontroladores similares. Especifica\u00e7\u00f5es &#8211; [&hellip;]<\/p>\n","protected":false},"featured_media":17411,"template":"","meta":[],"product_brand":[],"product_cat":[178],"product_tag":[269],"class_list":{"0":"post-1223","1":"product","2":"type-product","3":"status-publish","4":"has-post-thumbnail","6":"product_cat-sensores","7":"product_tag-temperatura","9":"entry","10":"has-media","12":"first","13":"instock","14":"sold-individually","15":"purchasable","16":"product-type-simple","17":"has-product-nav","18":"col","19":"span_1_of_3","20":"owp-content-center","21":"owp-thumbs-layout-horizontal","22":"owp-btn-normal","23":"owp-tabs-layout-horizontal"},"_links":{"self":[{"href":"https:\/\/arduxop.com.br\/loja\/wp-json\/wp\/v2\/product\/1223","targetHints":{"allow":["GET"]}}],"collection":[{"href":"https:\/\/arduxop.com.br\/loja\/wp-json\/wp\/v2\/product"}],"about":[{"href":"https:\/\/arduxop.com.br\/loja\/wp-json\/wp\/v2\/types\/product"}],"wp:featuredmedia":[{"embeddable":true,"href":"https:\/\/arduxop.com.br\/loja\/wp-json\/wp\/v2\/media\/17411"}],"wp:attachment":[{"href":"https:\/\/arduxop.com.br\/loja\/wp-json\/wp\/v2\/media?parent=1223"}],"wp:term":[{"taxonomy":"product_brand","embeddable":true,"href":"https:\/\/arduxop.com.br\/loja\/wp-json\/wp\/v2\/product_brand?post=1223"},{"taxonomy":"product_cat","embeddable":true,"href":"https:\/\/arduxop.com.br\/loja\/wp-json\/wp\/v2\/product_cat?post=1223"},{"taxonomy":"product_tag","embeddable":true,"href":"https:\/\/arduxop.com.br\/loja\/wp-json\/wp\/v2\/product_tag?post=1223"}],"curies":[{"name":"wp","href":"https:\/\/api.w.org\/{rel}","templated":true}]}}