{"id":12196,"date":"2019-12-06T08:23:12","date_gmt":"2019-12-06T12:23:12","guid":{"rendered":"https:\/\/arduxop.com.br\/loja\/?post_type=product&#038;p=12196"},"modified":"2025-06-25T10:35:19","modified_gmt":"2025-06-25T14:35:19","slug":"motor-n20-dc-100rpm","status":"publish","type":"product","link":"https:\/\/arduxop.com.br\/loja\/produto\/motor-n20-dc-100rpm\/","title":{"rendered":"Motor N20 Dc 100rpm"},"content":{"rendered":"<p>Motor DC N20 &#8211; 6V ou 12V (100RPM)<\/p>\n<p>Caracter\u00edsticas:<br \/>\n&#8211; Modelo: N20<br \/>\n&#8211; Tens\u00e3o nominal: 6V ou 12V<br \/>\n&#8211; Velocidade: 100RPM<br \/>\n&#8211; Informa\u00e7\u00f5es de tens\u00e3o, corrente, torque, redu\u00e7\u00e3o etc (ver foto 2)<br \/>\n&#8211; Dimens\u00f5es: (ver fotos 3 e 4)<br \/>\n&#8211; Peso aprox.: 10g<\/p>\n","protected":false},"excerpt":{"rendered":"<p class=\"item-title__primary \">Motor N20 Dc 100rpm Caixa Redu\u00e7\u00e3o 6v Arduino Automa\u00e7\u00e3o<\/p>\n","protected":false},"featured_media":12199,"template":"","meta":[],"product_brand":[],"product_cat":[51,409],"product_tag":[512,513],"class_list":{"0":"post-12196","1":"product","2":"type-product","3":"status-publish","4":"has-post-thumbnail","6":"product_cat-motores","7":"product_cat-robotica","8":"product_tag-motor","9":"product_tag-reducao","11":"entry","12":"has-media","14":"first","15":"instock","16":"shipping-taxable","17":"purchasable","18":"product-type-simple","19":"has-product-nav","20":"col","21":"span_1_of_3","22":"owp-content-center","23":"owp-thumbs-layout-horizontal","24":"owp-btn-normal","25":"owp-tabs-layout-horizontal"},"_links":{"self":[{"href":"https:\/\/arduxop.com.br\/loja\/wp-json\/wp\/v2\/product\/12196","targetHints":{"allow":["GET"]}}],"collection":[{"href":"https:\/\/arduxop.com.br\/loja\/wp-json\/wp\/v2\/product"}],"about":[{"href":"https:\/\/arduxop.com.br\/loja\/wp-json\/wp\/v2\/types\/product"}],"wp:featuredmedia":[{"embeddable":true,"href":"https:\/\/arduxop.com.br\/loja\/wp-json\/wp\/v2\/media\/12199"}],"wp:attachment":[{"href":"https:\/\/arduxop.com.br\/loja\/wp-json\/wp\/v2\/media?parent=12196"}],"wp:term":[{"taxonomy":"product_brand","embeddable":true,"href":"https:\/\/arduxop.com.br\/loja\/wp-json\/wp\/v2\/product_brand?post=12196"},{"taxonomy":"product_cat","embeddable":true,"href":"https:\/\/arduxop.com.br\/loja\/wp-json\/wp\/v2\/product_cat?post=12196"},{"taxonomy":"product_tag","embeddable":true,"href":"https:\/\/arduxop.com.br\/loja\/wp-json\/wp\/v2\/product_tag?post=12196"}],"curies":[{"name":"wp","href":"https:\/\/api.w.org\/{rel}","templated":true}]}}