{"id":12146,"date":"2019-12-05T13:09:46","date_gmt":"2019-12-05T15:09:46","guid":{"rendered":"https:\/\/arduxop.com.br\/loja\/?post_type=product&#038;p=12146"},"modified":"2024-07-25T07:55:04","modified_gmt":"2024-07-25T11:55:04","slug":"display-lcd-tft-lcd-3-95","status":"publish","type":"product","link":"https:\/\/arduxop.com.br\/loja\/produto\/display-lcd-tft-lcd-3-95\/","title":{"rendered":"Display LCD TFT LCD 3.95\u201d"},"content":{"rendered":"<div class=\"bootstrap_product_description\">\n<p><strong>LCD Shield Arduino<\/strong> Touch Screen foi desenvolvido especialmente para aplica\u00e7\u00e3o junto ao Arduino, como o pr\u00f3prio nome sugere na forma de shield, propiciando encaixe r\u00e1pido e simples, podendo ser utilizado de forma imediata. \u00c9 muito \u00fatil para quem precisa exibir informa\u00e7\u00f5es junto ao projeto que ser\u00e3o mostradas no LCD em tempo real ou mesmo para interagir com o prot\u00f3tipo j\u00e1 que a tela \u00e9 sens\u00edvel ao toque.<br \/>\nEle\u00a0\u00e9 totalmente montado, n\u00e3o precisando de nenhuma fia\u00e7\u00e3o ou solda, bastando apenas conect\u00e1-lo no Arduino e carregar a biblioteca, em quest\u00e3o de minutos estar\u00e1 pronto para uso.\u00a0Na parte inferior do m\u00f3dulo h\u00e1 um slot padr\u00e3o de cart\u00e3o Micro SD onde poder\u00e3o ser armazenados dados do LCD.<br \/>\nDentre as fun\u00e7\u00f5es do Display TFT LCD 3.95 Touch Screen \/ LCD Shield Arduino podemos destacar sua utilidade no caso de projetos que trabalham com senhas ou ainda com algum tipo de menu que exija navega\u00e7\u00e3o, j\u00e1 que conta com tela sens\u00edvel ao toque.<br \/>\nAtrav\u00e9s de seu display de tamanho mediano, o TFT LCD Touchscreen possui tela de 3.95\u201d, que contribui para ampliar a visualiza\u00e7\u00e3o das informa\u00e7\u00f5es, facilitando a leitura de dados e aumentando a intera\u00e7\u00e3o com o operador\/usu\u00e1rio. \u00c9 ideal para a cria\u00e7\u00e3o e o aperfei\u00e7oamento de projetos, possuindo interface simples, podendo ser aplicado em conjunto com sistemas microcontroladores Arduino Uno para proporcionar imagens de qualidade.<\/p>\n<p><a name=\"caract\"><\/a><\/p>\n<p class=\"product_title_interno font-weight-bold m-0 p-0\">CARACTER\u00cdSTICAS:<\/p>\n<p>&#8211; LCD Shield Arduino;<br \/>\n&#8211; Display TFT LCD 3.95\u201d Touch Screen;<br \/>\n&#8211; Display colorido;<br \/>\n&#8211; Compat\u00edvel com Arduino Uno e Mega;<br \/>\n&#8211; Totalmente montado;<br \/>\n&#8211; Interface simples;<br \/>\n&#8211; Utiliza\u00e7\u00e3o imediata;<br \/>\n&#8211; Tela resistiva;<br \/>\n&#8211; Amplo \u00e2ngulo de vis\u00e3o.<\/p>\n<p class=\"product_title_interno font-weight-bold mt-3 p-0\">ESPECIFICA\u00c7\u00d5ES:<\/p>\n<p>&#8211; Modelo: TFT395;<br \/>\n&#8211; Tela: 3.95&#8243;;<br \/>\n&#8211; Tens\u00e3o de opera\u00e7\u00e3o: 3.3 \/ 5V;<br \/>\n&#8211; Dimens\u00f5es da tela vis\u00edvel (CxL): 88x57mm;<br \/>\n&#8211; Dimens\u00f5es do shield (CxL): 97,5&#215;64,5mm;<br \/>\n&#8211; Peso: 53g.<\/p>\n<p class=\"responsive-video-wrap clr\"><iframe title=\"UNO R3 2.8 TFT Touch Screen with SD Card Socket for Arduino Module\" width=\"1200\" height=\"675\" src=\"https:\/\/www.youtube.com\/embed\/t4sD7u6kvdk?feature=oembed\" frameborder=\"0\" allow=\"accelerometer; autoplay; clipboard-write; encrypted-media; gyroscope; picture-in-picture\" allowfullscreen><\/iframe><\/p>\n<p>https:\/\/www.instructables.com\/id\/UNO-R3-28-TFT-Touch-Screen-With-SD-Card-Socket-for\/<\/p>\n<p class=\"responsive-video-wrap clr\"><iframe title=\"UNO R3 2.8 TFT Touch with SD for Arduino Intro\" width=\"1200\" height=\"675\" src=\"https:\/\/www.youtube.com\/embed\/OYTbrgvm-6U?feature=oembed\" frameborder=\"0\" allow=\"accelerometer; autoplay; clipboard-write; encrypted-media; gyroscope; picture-in-picture\" allowfullscreen><\/iframe><\/p>\n<\/div>\n","protected":false},"excerpt":{"rendered":"<p id=\"name-imagem\" class=\"col-12 col-sm-12\">TFT LCD 3.95\u201d Shield Arduino Touch Screen com Slot SD<\/p>\n","protected":false},"featured_media":12153,"template":"","meta":[],"product_brand":[],"product_cat":[183,411,233],"product_tag":[],"class_list":{"0":"post-12146","1":"product","2":"type-product","3":"status-publish","4":"has-post-thumbnail","6":"product_cat-displays","7":"product_cat-sem-categoria","8":"product_cat-lcd","10":"entry","11":"has-media","13":"first","14":"instock","15":"shipping-taxable","16":"purchasable","17":"product-type-simple","18":"has-product-nav","19":"col","20":"span_1_of_3","21":"owp-content-center","22":"owp-thumbs-layout-horizontal","23":"owp-btn-normal","24":"owp-tabs-layout-horizontal"},"_links":{"self":[{"href":"https:\/\/arduxop.com.br\/loja\/wp-json\/wp\/v2\/product\/12146","targetHints":{"allow":["GET"]}}],"collection":[{"href":"https:\/\/arduxop.com.br\/loja\/wp-json\/wp\/v2\/product"}],"about":[{"href":"https:\/\/arduxop.com.br\/loja\/wp-json\/wp\/v2\/types\/product"}],"wp:featuredmedia":[{"embeddable":true,"href":"https:\/\/arduxop.com.br\/loja\/wp-json\/wp\/v2\/media\/12153"}],"wp:attachment":[{"href":"https:\/\/arduxop.com.br\/loja\/wp-json\/wp\/v2\/media?parent=12146"}],"wp:term":[{"taxonomy":"product_brand","embeddable":true,"href":"https:\/\/arduxop.com.br\/loja\/wp-json\/wp\/v2\/product_brand?post=12146"},{"taxonomy":"product_cat","embeddable":true,"href":"https:\/\/arduxop.com.br\/loja\/wp-json\/wp\/v2\/product_cat?post=12146"},{"taxonomy":"product_tag","embeddable":true,"href":"https:\/\/arduxop.com.br\/loja\/wp-json\/wp\/v2\/product_tag?post=12146"}],"curies":[{"name":"wp","href":"https:\/\/api.w.org\/{rel}","templated":true}]}}