{"id":11440,"date":"2019-11-21T11:55:38","date_gmt":"2019-11-21T15:55:38","guid":{"rendered":"https:\/\/arduxop.com.br\/loja\/?post_type=product&#038;p=11440"},"modified":"2024-07-25T07:55:06","modified_gmt":"2024-07-25T11:55:06","slug":"mini-fechadura-solenoide-eletronica-12v","status":"publish","type":"product","link":"https:\/\/arduxop.com.br\/loja\/produto\/mini-fechadura-solenoide-eletronica-12v\/","title":{"rendered":"Mini Fechadura Solen\u00f3ide Eletr\u00f4nica 12v"},"content":{"rendered":"<p>Mini Fechadura Solen\u00f3ide Eletr\u00f4nica 12v Para Ardu\u00edno<\/p>\n<p>Perfeita para trabalhos t\u00e9cnicos universit\u00e1rio de automa\u00e7\u00e3o, mecatr\u00f4nica, rob\u00f3tica, aeromodelistas em geral. Pode ser usada em diversas aplica\u00e7\u00f5es.<\/p>\n<p>Material &#8211; Metal<br \/>Tens\u00e3o de trabalho &#8211; 12vdc<br \/>Corrente &#8211; 150mah<\/p>\n","protected":false},"excerpt":{"rendered":"<p class=\"item-title__primary \">Mini Fechadura Solen\u00f3ide Eletr\u00f4nica 12v Para Ardu\u00edno<\/p>\n","protected":false},"featured_media":11442,"template":"","meta":[],"product_brand":[],"product_cat":[42,411,177,409],"product_tag":[],"class_list":{"0":"post-11440","1":"product","2":"type-product","3":"status-publish","4":"has-post-thumbnail","6":"product_cat-aeromodelos","7":"product_cat-sem-categoria","8":"product_cat-reles","9":"product_cat-robotica","11":"entry","12":"has-media","14":"first","15":"instock","16":"shipping-taxable","17":"purchasable","18":"product-type-simple","19":"has-product-nav","20":"col","21":"span_1_of_3","22":"owp-content-center","23":"owp-thumbs-layout-horizontal","24":"owp-btn-normal","25":"owp-tabs-layout-horizontal"},"_links":{"self":[{"href":"https:\/\/arduxop.com.br\/loja\/wp-json\/wp\/v2\/product\/11440","targetHints":{"allow":["GET"]}}],"collection":[{"href":"https:\/\/arduxop.com.br\/loja\/wp-json\/wp\/v2\/product"}],"about":[{"href":"https:\/\/arduxop.com.br\/loja\/wp-json\/wp\/v2\/types\/product"}],"wp:featuredmedia":[{"embeddable":true,"href":"https:\/\/arduxop.com.br\/loja\/wp-json\/wp\/v2\/media\/11442"}],"wp:attachment":[{"href":"https:\/\/arduxop.com.br\/loja\/wp-json\/wp\/v2\/media?parent=11440"}],"wp:term":[{"taxonomy":"product_brand","embeddable":true,"href":"https:\/\/arduxop.com.br\/loja\/wp-json\/wp\/v2\/product_brand?post=11440"},{"taxonomy":"product_cat","embeddable":true,"href":"https:\/\/arduxop.com.br\/loja\/wp-json\/wp\/v2\/product_cat?post=11440"},{"taxonomy":"product_tag","embeddable":true,"href":"https:\/\/arduxop.com.br\/loja\/wp-json\/wp\/v2\/product_tag?post=11440"}],"curies":[{"name":"wp","href":"https:\/\/api.w.org\/{rel}","templated":true}]}}