{"id":1110,"date":"2018-01-16T11:23:49","date_gmt":"2018-01-16T13:23:49","guid":{"rendered":"https:\/\/arduxop.com.br\/loja\/produto\/joystick-shield-v1-a\/"},"modified":"2024-07-25T07:58:36","modified_gmt":"2024-07-25T11:58:36","slug":"joystick-shield-v1-a","status":"publish","type":"product","link":"https:\/\/arduxop.com.br\/loja\/produto\/joystick-shield-v1-a\/","title":{"rendered":"Joystick Shield V1.a"},"content":{"rendered":"<p>O Joystick Shield possui inteface para o m\u00f3dulo LCD Nokia 5110 e para o m\u00f3dulo trasceptor nRF24L01. Voc\u00ea pode desenvolver facilmente os seus jogos utilizando Joystick e at\u00e9 mesmo a comunica\u00e7\u00e3o entre outros dispositivos atrav\u00e9s do m\u00f3dulo nRF24L01, Bluetooth ou I2C.<\/p>\n<p>O Shield se encaixa sobre o Arduino e o transforma em um controle. Seus 7 bot\u00f5es moment\u00e2neos (4 bot\u00f5es grandes + 2 bot\u00f5es pequenos + 1 bot\u00e3o select sob o joystick) e um joystick de polegar de dois eixos, d\u00e1 ao seu Arduino a funcionalidade dos antigos controles da Nintendo.<\/p>\n<p>Recursos<\/p>\n<p>Interface para m\u00f3dulo RF nRF24L01<br \/>\nInterface para m\u00f3dulo LCD Nokia 5110<br \/>\nInterface para m\u00f3dulo Bluetooth<br \/>\nInterface I2C<br \/>\nTens\u00e3o de funcionamento: 3.3V\/ 5V (selecion\u00e1vel)<\/p>\n","protected":false},"excerpt":{"rendered":"<p>O Joystick Shield possui inteface para o m\u00f3dulo LCD Nokia 5110 e para o m\u00f3dulo trasceptor nRF24L01. Voc\u00ea pode desenvolver facilmente os seus jogos utilizando Joystick e at\u00e9 mesmo a comunica\u00e7\u00e3o entre outros dispositivos atrav\u00e9s do m\u00f3dulo nRF24L01, Bluetooth ou I2C. O Shield se encaixa sobre o Arduino e o transforma em um controle. Seus [&hellip;]<\/p>\n","protected":false},"featured_media":1109,"template":"","meta":[],"product_brand":[],"product_cat":[195,47,175],"product_tag":[],"class_list":{"0":"post-1110","1":"product","2":"type-product","3":"status-publish","4":"has-post-thumbnail","6":"product_cat-controle-remoto","7":"product_cat-diversos","8":"product_cat-placas","10":"entry","11":"has-media","13":"first","14":"instock","15":"sale","16":"purchasable","17":"product-type-simple","18":"has-product-nav","19":"col","20":"span_1_of_3","21":"owp-content-center","22":"owp-thumbs-layout-horizontal","23":"owp-btn-normal","24":"owp-tabs-layout-horizontal"},"_links":{"self":[{"href":"https:\/\/arduxop.com.br\/loja\/wp-json\/wp\/v2\/product\/1110","targetHints":{"allow":["GET"]}}],"collection":[{"href":"https:\/\/arduxop.com.br\/loja\/wp-json\/wp\/v2\/product"}],"about":[{"href":"https:\/\/arduxop.com.br\/loja\/wp-json\/wp\/v2\/types\/product"}],"wp:featuredmedia":[{"embeddable":true,"href":"https:\/\/arduxop.com.br\/loja\/wp-json\/wp\/v2\/media\/1109"}],"wp:attachment":[{"href":"https:\/\/arduxop.com.br\/loja\/wp-json\/wp\/v2\/media?parent=1110"}],"wp:term":[{"taxonomy":"product_brand","embeddable":true,"href":"https:\/\/arduxop.com.br\/loja\/wp-json\/wp\/v2\/product_brand?post=1110"},{"taxonomy":"product_cat","embeddable":true,"href":"https:\/\/arduxop.com.br\/loja\/wp-json\/wp\/v2\/product_cat?post=1110"},{"taxonomy":"product_tag","embeddable":true,"href":"https:\/\/arduxop.com.br\/loja\/wp-json\/wp\/v2\/product_tag?post=1110"}],"curies":[{"name":"wp","href":"https:\/\/api.w.org\/{rel}","templated":true}]}}