{"id":1097,"date":"2018-01-16T11:23:49","date_gmt":"2018-01-16T13:23:49","guid":{"rendered":"https:\/\/arduxop.com.br\/loja\/produto\/arduino-ethernet-shield-w5100-com-slot-para-sd-card\/"},"modified":"2024-07-25T07:58:30","modified_gmt":"2024-07-25T11:58:30","slug":"arduino-ethernet-shield-w5100-com-slot-para-sd-card","status":"publish","type":"product","link":"https:\/\/arduxop.com.br\/loja\/produto\/arduino-ethernet-shield-w5100-com-slot-para-sd-card\/","title":{"rendered":"Ethernet Shield W5100"},"content":{"rendered":"<p>Desenvolvida para integrar seu Arduino a rede mundial de computadores o Ethernet Shield W5100 se adapta aos mais diversos modelo de Arduino como: Arduino UNO, Duemilenove, Leonardo ou Mega, o Ethenet Shield W5100 conta com um slot para cart\u00e3o micro-SD com at\u00e9 16GB que pode ser usado para armazenar arquivos que v\u00e3o servir na rede. A placa de Ethenet Shield W5100 baseia-se no chip WIZnet que fornece acesso \u00e0 rede (IP) nos protocolos TCP ou UDP e \u00e9 facilmente utilizado usando a biblioteca Ethernet Library e SD Library.<br \/>\nCom o Ethernet Shield W5100 \u00e9 possivel conectar seus projetos com a Internet de maneira f\u00e1cil e r\u00e1pida, basta encaixar este Shield em sua placa Arduino e plug\u00e1-lo na rede atrav\u00e9s de um conector de rede RJ45 e em poucos minutos seu Arduino estar\u00e1 on-line, voc\u00ea poder\u00e1 monitorar o estado de chaves e sensores pelo browser do seu computador ou celular de qualquer parte do mundo!<br \/>\nO Ethernet shield W5100 \u00e9 ideal para estudantes, hobistas e profissionais da \u00e1rea de eletr\u00f4nica que possuiem interesse em desenvolvimento de projetos com alto grau de complexidade, diversos v\u00eddeos e tutorias na internet e YouTube demonstram sua configura\u00e7\u00e3o e seu funcionamento de maneira did\u00e1tica.<\/p>\n<p>**Caracter\u00edsticas:**<br \/>\nSuporte protocolos TPC\/IP: UCP, UDP, ICMP, ARP IPv4, IGMP, PPPoE, Ethernet;<br \/>\n10BaseT\/100BaseTX Ethernet PHy integrado;<br \/>\nSuporte (Full-duples e Half-Duplex);<br \/>\nSuporte Auto MDI \/ MDIX;<br \/>\nConex\u00e3o ADSL Support (com suporte ao protocolo PPPoE com PAP\/CHAP modo de autentica\u00e7\u00e3o);<br \/>\nSuporta 4 conex\u00f5es independentes em simult\u00e2neo, N\u00e3o suporta fragmenta\u00e7\u00e3o IP;<br \/>\nMem\u00f3ria interna 16Kbytes para Tx\/Rx Buffers;<br \/>\nOpera\u00e7\u00e3o de 3.3V com 5V toler\u00e2ncia sinal I\/O;<br \/>\nSuporte Interface Serial (SPI modo 0,3);<br \/>\nSa\u00eddas fun\u00e7\u00e3o Multi-LED (TX, RX, Full\/Half Duplex, Colis\u00e3o, Speed Link);<br \/>\nO W5100 Wiznet fornece uma rede (IP) capas de TCP e UPD.<\/p>\n","protected":false},"excerpt":{"rendered":"<p>Ethernet Shield W5100 Com Slot Para Sd Card<\/p>\n","protected":false},"featured_media":1098,"template":"","meta":[],"product_brand":[],"product_cat":[210,179],"product_tag":[398,399],"class_list":{"0":"post-1097","1":"product","2":"type-product","3":"status-publish","4":"has-post-thumbnail","6":"product_cat-comunicacoes","7":"product_cat-shields","8":"product_tag-ethernet","9":"product_tag-internet","11":"entry","12":"has-media","14":"first","15":"outofstock","16":"purchasable","17":"product-type-simple","18":"has-product-nav","19":"col","20":"span_1_of_3","21":"owp-content-center","22":"owp-thumbs-layout-horizontal","23":"owp-btn-normal","24":"owp-tabs-layout-horizontal"},"_links":{"self":[{"href":"https:\/\/arduxop.com.br\/loja\/wp-json\/wp\/v2\/product\/1097","targetHints":{"allow":["GET"]}}],"collection":[{"href":"https:\/\/arduxop.com.br\/loja\/wp-json\/wp\/v2\/product"}],"about":[{"href":"https:\/\/arduxop.com.br\/loja\/wp-json\/wp\/v2\/types\/product"}],"wp:featuredmedia":[{"embeddable":true,"href":"https:\/\/arduxop.com.br\/loja\/wp-json\/wp\/v2\/media\/1098"}],"wp:attachment":[{"href":"https:\/\/arduxop.com.br\/loja\/wp-json\/wp\/v2\/media?parent=1097"}],"wp:term":[{"taxonomy":"product_brand","embeddable":true,"href":"https:\/\/arduxop.com.br\/loja\/wp-json\/wp\/v2\/product_brand?post=1097"},{"taxonomy":"product_cat","embeddable":true,"href":"https:\/\/arduxop.com.br\/loja\/wp-json\/wp\/v2\/product_cat?post=1097"},{"taxonomy":"product_tag","embeddable":true,"href":"https:\/\/arduxop.com.br\/loja\/wp-json\/wp\/v2\/product_tag?post=1097"}],"curies":[{"name":"wp","href":"https:\/\/api.w.org\/{rel}","templated":true}]}}