{"id":1089,"date":"2018-01-16T11:23:49","date_gmt":"2018-01-16T14:23:49","guid":{"rendered":"https:\/\/arduxop.com.br\/loja\/produto\/driver-motor-ponte-h-l298n\/"},"modified":"2024-07-25T07:58:31","modified_gmt":"2024-07-25T11:58:31","slug":"driver-motor-ponte-h-l298n","status":"publish","type":"product","link":"https:\/\/arduxop.com.br\/loja\/produto\/driver-motor-ponte-h-l298n\/","title":{"rendered":"Ponte H L298N"},"content":{"rendered":"<p>Este \u00e9 um m\u00f3dulo de controle de motor DC de dois canais amplamente conhecido como Ponte H, permite controlar velocidade e sentido de rota\u00e7\u00e3o de at\u00e9 dois motores.<\/p>\n<p>Possu\u00ed dois canais permitindo controlar at\u00e9 2 motores ao mesmo tempo.* Output A e B: referem-se a conex\u00e3o do Motor 1 e 2.* +5v:<\/p>\n<p>Este m\u00f3dulo possui integrado um regulador de tens\u00e3o 5v que quando o drive opera entre 7-35v este regulador pode ser acionado pelo jumper \u201c5v enable\u201d.<\/p>\n<p>Logo n\u00e3o alimente este pino com +5v mas deixe para uso externo se operando nestas condi\u00e7\u00f5es.* Input: Este tem 4 entradas e s\u00e3o elas:&gt; In 1: Este \u00e9 um sinal PWM do controlador, ele diz qu\u00e3o r\u00e1pido o motor 1 deve funcionar. No exemplo abaixo este valor pode ser entre 0 e 255, sendo 0 parado e 255 velocidade m\u00e1xima.&gt; In 2: Simples sinal digital que informa o sentido da rota\u00e7\u00e3o do motor 1, sendo que 0 significa reverso e 1 frente.&gt; In 3: PWM para a velocidade do motor 2.&gt; In 4: Sinal digital para dire\u00e7\u00e3o do motor 2.<\/p>\n<p>Caracter\u00edsticas.:* Chip L298N* M\u00f3dulo de 2 Canais* Tens\u00e3o de Opera\u00e7\u00e3o: 7~35v* Corrente de Opera\u00e7\u00e3o m\u00e1xima: 2A por canal* Tens\u00e3o l\u00f3gica 5V* Corrente l\u00f3gica 0~36mA* Limites de Temperatura: -20 a 135\u00b0C* Pot\u00eancia M\u00e1xima: 25W* Dimens\u00f5es: 43mm x 43mm x 27mm* Peso: 30g<\/p>\n","protected":false},"excerpt":{"rendered":"<p>Driver Motor Ponte H L298N<\/p>\n","protected":false},"featured_media":1090,"template":"","meta":[],"product_brand":[],"product_cat":[191,51],"product_tag":[],"class_list":{"0":"post-1089","1":"product","2":"type-product","3":"status-publish","4":"has-post-thumbnail","6":"product_cat-drivers","7":"product_cat-motores","9":"entry","10":"has-media","12":"first","13":"instock","14":"purchasable","15":"product-type-simple","16":"has-product-nav","17":"col","18":"span_1_of_3","19":"owp-content-center","20":"owp-thumbs-layout-horizontal","21":"owp-btn-normal","22":"owp-tabs-layout-horizontal"},"_links":{"self":[{"href":"https:\/\/arduxop.com.br\/loja\/wp-json\/wp\/v2\/product\/1089","targetHints":{"allow":["GET"]}}],"collection":[{"href":"https:\/\/arduxop.com.br\/loja\/wp-json\/wp\/v2\/product"}],"about":[{"href":"https:\/\/arduxop.com.br\/loja\/wp-json\/wp\/v2\/types\/product"}],"wp:featuredmedia":[{"embeddable":true,"href":"https:\/\/arduxop.com.br\/loja\/wp-json\/wp\/v2\/media\/1090"}],"wp:attachment":[{"href":"https:\/\/arduxop.com.br\/loja\/wp-json\/wp\/v2\/media?parent=1089"}],"wp:term":[{"taxonomy":"product_brand","embeddable":true,"href":"https:\/\/arduxop.com.br\/loja\/wp-json\/wp\/v2\/product_brand?post=1089"},{"taxonomy":"product_cat","embeddable":true,"href":"https:\/\/arduxop.com.br\/loja\/wp-json\/wp\/v2\/product_cat?post=1089"},{"taxonomy":"product_tag","embeddable":true,"href":"https:\/\/arduxop.com.br\/loja\/wp-json\/wp\/v2\/product_tag?post=1089"}],"curies":[{"name":"wp","href":"https:\/\/api.w.org\/{rel}","templated":true}]}}