{"id":1083,"date":"2018-01-16T11:23:49","date_gmt":"2018-01-16T14:23:49","guid":{"rendered":"https:\/\/arduxop.com.br\/loja\/produto\/kit-pneu-roda-motor-caixa-reducao\/"},"modified":"2025-06-25T10:37:39","modified_gmt":"2025-06-25T14:37:39","slug":"kit-pneu-roda-motor-caixa-reducao","status":"publish","type":"product","link":"https:\/\/arduxop.com.br\/loja\/produto\/kit-pneu-roda-motor-caixa-reducao\/","title":{"rendered":"Motor Dc 3 A 6v Com Redu\u00e7\u00e3o"},"content":{"rendered":"<p>Motor DC 3-6V com caixa de redu\u00e7\u00e3o e eixo duplo.<\/p>\n<p>Ideal para projetos com Arduino e constru\u00e7\u00e3o de Rob\u00f4s.<\/p>\n<p>Especifica\u00e7\u00f5es: Eixo duplo<\/p>\n<p>Tens\u00e3o de Opera\u00e7\u00e3o: 3-6VRedu\u00e7\u00e3o: 1:48Peso: 30g<\/p>\n<p>Corrente sem carga: \u2264200mA (6V) e \u2264150mA (3V)<\/p>\n<p>Velocidade sem carga: 200RPM (6V) e 90RPM (3V)<\/p>\n<p>Aten\u00e7\u00e3o! N\u00e3o acompanha a Roda, que \u00e9 vendida separada, <a href=\"https:\/\/arduxop.com.br\/loja\/produto\/roda-amarela\/\">clique aqui<\/a> para ver.<\/p>\n","protected":false},"excerpt":{"rendered":"<p class=\"item-title__primary \">Motor E Redu\u00e7\u00e3o Para Robot Arduino Rob\u00f3tica<\/p>\n","protected":false},"featured_media":1084,"template":"","meta":[],"product_brand":[],"product_cat":[51],"product_tag":[],"class_list":{"0":"post-1083","1":"product","2":"type-product","3":"status-publish","4":"has-post-thumbnail","6":"product_cat-motores","8":"entry","9":"has-media","11":"first","12":"instock","13":"purchasable","14":"product-type-simple","15":"has-product-nav","16":"col","17":"span_1_of_3","18":"owp-content-center","19":"owp-thumbs-layout-horizontal","20":"owp-btn-normal","21":"owp-tabs-layout-horizontal"},"_links":{"self":[{"href":"https:\/\/arduxop.com.br\/loja\/wp-json\/wp\/v2\/product\/1083","targetHints":{"allow":["GET"]}}],"collection":[{"href":"https:\/\/arduxop.com.br\/loja\/wp-json\/wp\/v2\/product"}],"about":[{"href":"https:\/\/arduxop.com.br\/loja\/wp-json\/wp\/v2\/types\/product"}],"wp:featuredmedia":[{"embeddable":true,"href":"https:\/\/arduxop.com.br\/loja\/wp-json\/wp\/v2\/media\/1084"}],"wp:attachment":[{"href":"https:\/\/arduxop.com.br\/loja\/wp-json\/wp\/v2\/media?parent=1083"}],"wp:term":[{"taxonomy":"product_brand","embeddable":true,"href":"https:\/\/arduxop.com.br\/loja\/wp-json\/wp\/v2\/product_brand?post=1083"},{"taxonomy":"product_cat","embeddable":true,"href":"https:\/\/arduxop.com.br\/loja\/wp-json\/wp\/v2\/product_cat?post=1083"},{"taxonomy":"product_tag","embeddable":true,"href":"https:\/\/arduxop.com.br\/loja\/wp-json\/wp\/v2\/product_tag?post=1083"}],"curies":[{"name":"wp","href":"https:\/\/api.w.org\/{rel}","templated":true}]}}