{"id":1075,"date":"2018-01-16T11:23:49","date_gmt":"2018-01-16T14:23:49","guid":{"rendered":"https:\/\/arduxop.com.br\/loja\/produto\/sensor-ultrasonico-hc-sr04\/"},"modified":"2024-07-25T07:58:34","modified_gmt":"2024-07-25T11:58:34","slug":"sensor-ultrasonico-hc-sr04","status":"publish","type":"product","link":"https:\/\/arduxop.com.br\/loja\/produto\/sensor-ultrasonico-hc-sr04\/","title":{"rendered":"Sensor Ultrasonico Hc-SR04"},"content":{"rendered":"<p>O sensor ultras\u00f4nico HC-SR04 funciona como um detector de barreiras e permite medir dist\u00e2ncias m\u00ednimas de 2 cent\u00edmetros &#8220;podendo&#8221; chegar a distancias de at\u00e9 450 cent\u00edmetros, com uma precis\u00e3o de 3 mil\u00edmetros.O m\u00f3dulo envia automaticamente 8 pulsos de 40kHz e automaticamente e detecta se houve retorno de algum pulso e o tempo de retorno, o que permite calcular a distancia da barreira \u00e0 sua frente. Se houver um sinal de retorno a partir dos disparos, o nivel de sa\u00edda \u00e9 modificado.<\/p>\n<p>*** Especifica\u00e7\u00e3o T\u00e9cnica:<br \/>&gt; Model: HC-SR04.<br \/>&gt; Corrente: Menor que 2mA.<br \/>&gt; Tens\u00e3o de trabalho: 5V (DC).<br \/>&gt; Sinal de Saida: 5V de alto n\u00edvel, 0V n\u00edvel baixo.<br \/>&gt; \u00c2ngulo do sensor: n\u00e3o superior a 15 graus.<br \/>&gt; Dist\u00e2ncia de detec\u00e7\u00e3o: 2cm-450cm cent\u00edmetros.<br \/>&gt; Alta precis\u00e3o: At\u00e9 0,3 cent\u00edmetros.<br \/>&gt; Sinal de entrada trigger (gatilho): 10us impulso TTL.<br \/>&gt; Sinal Echo: sa\u00edda TTL PWL sinal.<br \/>&gt; Modo de conex\u00e3o: 1.VCC 2.trig (T) 3.echo (R) 4.GND<\/p>\n","protected":false},"excerpt":{"rendered":"<p><br data-mce-bogus=\"1\"><\/p>\n","protected":false},"featured_media":2347,"template":"","meta":[],"product_brand":[],"product_cat":[178],"product_tag":[],"class_list":{"0":"post-1075","1":"product","2":"type-product","3":"status-publish","4":"has-post-thumbnail","6":"product_cat-sensores","8":"entry","9":"has-media","11":"first","12":"instock","13":"purchasable","14":"product-type-simple","15":"has-product-nav","16":"col","17":"span_1_of_3","18":"owp-content-center","19":"owp-thumbs-layout-horizontal","20":"owp-btn-normal","21":"owp-tabs-layout-horizontal"},"_links":{"self":[{"href":"https:\/\/arduxop.com.br\/loja\/wp-json\/wp\/v2\/product\/1075","targetHints":{"allow":["GET"]}}],"collection":[{"href":"https:\/\/arduxop.com.br\/loja\/wp-json\/wp\/v2\/product"}],"about":[{"href":"https:\/\/arduxop.com.br\/loja\/wp-json\/wp\/v2\/types\/product"}],"wp:featuredmedia":[{"embeddable":true,"href":"https:\/\/arduxop.com.br\/loja\/wp-json\/wp\/v2\/media\/2347"}],"wp:attachment":[{"href":"https:\/\/arduxop.com.br\/loja\/wp-json\/wp\/v2\/media?parent=1075"}],"wp:term":[{"taxonomy":"product_brand","embeddable":true,"href":"https:\/\/arduxop.com.br\/loja\/wp-json\/wp\/v2\/product_brand?post=1075"},{"taxonomy":"product_cat","embeddable":true,"href":"https:\/\/arduxop.com.br\/loja\/wp-json\/wp\/v2\/product_cat?post=1075"},{"taxonomy":"product_tag","embeddable":true,"href":"https:\/\/arduxop.com.br\/loja\/wp-json\/wp\/v2\/product_tag?post=1075"}],"curies":[{"name":"wp","href":"https:\/\/api.w.org\/{rel}","templated":true}]}}