{"id":1067,"date":"2018-01-16T11:23:49","date_gmt":"2018-01-16T13:23:49","guid":{"rendered":"https:\/\/arduxop.com.br\/loja\/produto\/display-7-segmentos-com-4-digitos-f3461bh\/"},"modified":"2024-07-25T07:58:35","modified_gmt":"2024-07-25T11:58:35","slug":"display-7-segmentos-com-4-digitos-f3461bh","status":"publish","type":"product","link":"https:\/\/arduxop.com.br\/loja\/produto\/display-7-segmentos-com-4-digitos-f3461bh\/","title":{"rendered":"Display 7 Segmentos Com 4 D\u00edgitos F3461BH"},"content":{"rendered":"<div>\n<p>Descri\u00e7\u00e3o T\u00e9cnica:<\/p>\n<p>a. Dimens\u00f5es: 1,9 X 5 [ cm ];<\/p>\n<p>b. Polariza\u00e7\u00e3o : Catodo Comum;<\/p>\n<p>c. D\u00edgitos: 4 d\u00edgitos;<\/p>\n<p>d. N\u00famero pinos: 12pinos;<\/p>\n<p>e. Cor dos Leds: Vermelho;<\/p>\n<p>f. Tens\u00e3o direta (VF): 1,8V a 2,0V;<\/p>\n<p>g. Corrente Direta (IF): 20mA.<\/p>\n<\/div>\n<div>\n<p>Exemplo de uso:<\/p>\n<p>http:\/\/www.instructables.com\/id\/How-to-Properly-Drive-4-Digit-7-Segment-Display-Us\/.<\/p>\n<\/div>\n","protected":false},"excerpt":{"rendered":"<p>Descri\u00e7\u00e3o T\u00e9cnica: a. Dimens\u00f5es: 1,9 X 5 [ cm ]; b. Polariza\u00e7\u00e3o : Catodo Comum; c. D\u00edgitos: 4 d\u00edgitos; d. N\u00famero pinos: 12pinos; e. Cor dos Leds: Vermelho; f. Tens\u00e3o direta (VF): 1,8V a 2,0V; g. Corrente Direta (IF): 20mA. Exemplo de uso: http:\/\/www.instructables.com\/id\/How-to-Properly-Drive-4-Digit-7-Segment-Display-Us\/.<\/p>\n","protected":false},"featured_media":1068,"template":"","meta":[],"product_brand":[],"product_cat":[183],"product_tag":[],"class_list":{"0":"post-1067","1":"product","2":"type-product","3":"status-publish","4":"has-post-thumbnail","6":"product_cat-displays","8":"entry","9":"has-media","11":"first","12":"instock","13":"purchasable","14":"product-type-simple","15":"has-product-nav","16":"col","17":"span_1_of_3","18":"owp-content-center","19":"owp-thumbs-layout-horizontal","20":"owp-btn-normal","21":"owp-tabs-layout-horizontal"},"_links":{"self":[{"href":"https:\/\/arduxop.com.br\/loja\/wp-json\/wp\/v2\/product\/1067","targetHints":{"allow":["GET"]}}],"collection":[{"href":"https:\/\/arduxop.com.br\/loja\/wp-json\/wp\/v2\/product"}],"about":[{"href":"https:\/\/arduxop.com.br\/loja\/wp-json\/wp\/v2\/types\/product"}],"wp:featuredmedia":[{"embeddable":true,"href":"https:\/\/arduxop.com.br\/loja\/wp-json\/wp\/v2\/media\/1068"}],"wp:attachment":[{"href":"https:\/\/arduxop.com.br\/loja\/wp-json\/wp\/v2\/media?parent=1067"}],"wp:term":[{"taxonomy":"product_brand","embeddable":true,"href":"https:\/\/arduxop.com.br\/loja\/wp-json\/wp\/v2\/product_brand?post=1067"},{"taxonomy":"product_cat","embeddable":true,"href":"https:\/\/arduxop.com.br\/loja\/wp-json\/wp\/v2\/product_cat?post=1067"},{"taxonomy":"product_tag","embeddable":true,"href":"https:\/\/arduxop.com.br\/loja\/wp-json\/wp\/v2\/product_tag?post=1067"}],"curies":[{"name":"wp","href":"https:\/\/api.w.org\/{rel}","templated":true}]}}