{"id":1059,"date":"2018-01-16T11:23:23","date_gmt":"2018-01-16T13:23:23","guid":{"rendered":"https:\/\/arduxop.com.br\/loja\/produto\/modulo-shield-sd-card\/"},"modified":"2024-07-25T07:58:52","modified_gmt":"2024-07-25T11:58:52","slug":"modulo-shield-sd-card","status":"publish","type":"product","link":"https:\/\/arduxop.com.br\/loja\/produto\/modulo-shield-sd-card\/","title":{"rendered":"M\u00f3dulo Sd Card"},"content":{"rendered":"<p><strong>M\u00f3dulo SD shield Leitor para Cart\u00e3o micro SD\/SDHC ideal para Arduino Pic Atmel Avr<\/strong><\/p>\n<p>Ideal para desenvolver aplica\u00e7\u00f5es onde h\u00e1 a necessidade de gravar informa\u00e7\u00f5es tais como estados dos pinos de entrada\/saida, valores medidos por sensores de temperatura, umidade etc. Ap\u00f3s, estes dados poder\u00e3o ser lidos pelo pr\u00f3prio microcontrolador ou pelo PC.<\/p>\n<p>Este m\u00f3dulo \u00e9 para cart\u00f5es MICRO SD.<\/p>\n<p><strong>Caracter\u00edsticas:<br \/>\n<\/strong><\/p>\n<ul>\n<li>Tens\u00e3o: 3.3V a 5V DC<\/li>\n<li>Dimens\u00f5es:\u00a042mm x 24mm x 12mm<\/li>\n<li>Pinos SPI: MOSI, SCK, MISO e CS<\/li>\n<li>Com todos os SD SPI Pinos para fora: MOSI, SCK, MISO e CS, para posterior conex\u00e3o<br \/>\nAtrav\u00e9s da programa\u00e7\u00e3o, voc\u00ea pode ler e escrever para o cart\u00e3o SD usando o arduino<br \/>\nFazer a sua aplica\u00e7\u00e3o SD mais f\u00e1cil e simples<br \/>\nPinos SPI: MOSI, SCK, MISO e CS<br \/>\nDimens\u00f5es: 48mm * 29mm<\/li>\n<\/ul>\n","protected":false},"excerpt":{"rendered":"<p class=\"item-title__primary \">Modulo Leitor Cart\u00e3o Micro Sd Card (leitura\/escrita)<\/p>\n","protected":false},"featured_media":1060,"template":"","meta":[],"product_brand":[],"product_cat":[50],"product_tag":[],"class_list":{"0":"post-1059","1":"product","2":"type-product","3":"status-publish","4":"has-post-thumbnail","6":"product_cat-modulos","8":"entry","9":"has-media","11":"first","12":"instock","13":"purchasable","14":"product-type-simple","15":"has-product-nav","16":"col","17":"span_1_of_3","18":"owp-content-center","19":"owp-thumbs-layout-horizontal","20":"owp-btn-normal","21":"owp-tabs-layout-horizontal"},"_links":{"self":[{"href":"https:\/\/arduxop.com.br\/loja\/wp-json\/wp\/v2\/product\/1059","targetHints":{"allow":["GET"]}}],"collection":[{"href":"https:\/\/arduxop.com.br\/loja\/wp-json\/wp\/v2\/product"}],"about":[{"href":"https:\/\/arduxop.com.br\/loja\/wp-json\/wp\/v2\/types\/product"}],"wp:featuredmedia":[{"embeddable":true,"href":"https:\/\/arduxop.com.br\/loja\/wp-json\/wp\/v2\/media\/1060"}],"wp:attachment":[{"href":"https:\/\/arduxop.com.br\/loja\/wp-json\/wp\/v2\/media?parent=1059"}],"wp:term":[{"taxonomy":"product_brand","embeddable":true,"href":"https:\/\/arduxop.com.br\/loja\/wp-json\/wp\/v2\/product_brand?post=1059"},{"taxonomy":"product_cat","embeddable":true,"href":"https:\/\/arduxop.com.br\/loja\/wp-json\/wp\/v2\/product_cat?post=1059"},{"taxonomy":"product_tag","embeddable":true,"href":"https:\/\/arduxop.com.br\/loja\/wp-json\/wp\/v2\/product_tag?post=1059"}],"curies":[{"name":"wp","href":"https:\/\/api.w.org\/{rel}","templated":true}]}}