{"id":1042,"date":"2018-01-16T11:23:23","date_gmt":"2018-01-16T13:23:23","guid":{"rendered":"https:\/\/arduxop.com.br\/loja\/produto\/buzzer-ativo\/"},"modified":"2024-09-20T10:54:30","modified_gmt":"2024-09-20T14:54:30","slug":"buzzer-ativo","status":"publish","type":"product","link":"https:\/\/arduxop.com.br\/loja\/produto\/buzzer-ativo\/","title":{"rendered":"Modulo Buzzer 5v Gbk P15"},"content":{"rendered":"<p>O Buzzer Passivo P15 \u00e9 um pequeno alto-falante destinado a emitir sinais sonoros a partir do oferecimento de diferentes frequ\u00eancias, diferentemente do buzzer ativo que trabalha com frequ\u00eancia \u00fanica.<br \/>\u2013 O Buzzer Passivo P15 \u00e9 uma estrutura simplificada e integrada de transdutores eletr\u00f4nicos, muito utilizados em alarmes, impressoras, computadores e projetos rob\u00f3ticos.<br \/>\u2013 A principal finalidade do M\u00f3dulo Buzzer P15 \u00e9 a emiss\u00e3o de sinais sonoros como forma de alerta para que o operador fique informado que algo esta ocorrendo. O acionamento do buzzer d\u00e1-se atrav\u00e9s da placa microcontroladora, que dever\u00e1 estar programada para diante de determinado acontecimento oferecer diferentes frequ\u00eancias ao buzzer, que dar\u00e1 sinais de aviso ao operador.<br \/>\u2013 O Buzzer Passivo P15 \u00e9 compat\u00edvel com a maioria dos sistemas microcontroladores, dentre estes, Arduino, AVR, PIC, AMR. etc. Importante destacar que quando a sa\u00edda \u00e9 baixa o buzzer vai emitir um som longo, mas se for ligado a uma modula\u00e7\u00e3o largura de pulso anal\u00f3gico (PWM) de sa\u00edda o sinal sonoro pode produzir uma variedade de tonalidades.<br \/>\u2013 Indicado para utiliza\u00e7\u00e3o por estudantes e profissionais o Buzzer Passivo \u00e9 de f\u00e1cil aplica\u00e7\u00e3o, atuando em conjunto com a placa microcontroladora, sendo muito confi\u00e1vel e eficiente.<\/p>\n","protected":false},"excerpt":{"rendered":"<p><\/p>\n","protected":false},"featured_media":1043,"template":"","meta":[],"product_brand":[],"product_cat":[190,45],"product_tag":[],"class_list":{"0":"post-1042","1":"product","2":"type-product","3":"status-publish","4":"has-post-thumbnail","6":"product_cat-buzzer","7":"product_cat-componentes","9":"entry","10":"has-media","12":"first","13":"instock","14":"purchasable","15":"product-type-simple","16":"has-product-nav","17":"col","18":"span_1_of_3","19":"owp-content-center","20":"owp-thumbs-layout-horizontal","21":"owp-btn-normal","22":"owp-tabs-layout-horizontal"},"_links":{"self":[{"href":"https:\/\/arduxop.com.br\/loja\/wp-json\/wp\/v2\/product\/1042","targetHints":{"allow":["GET"]}}],"collection":[{"href":"https:\/\/arduxop.com.br\/loja\/wp-json\/wp\/v2\/product"}],"about":[{"href":"https:\/\/arduxop.com.br\/loja\/wp-json\/wp\/v2\/types\/product"}],"wp:featuredmedia":[{"embeddable":true,"href":"https:\/\/arduxop.com.br\/loja\/wp-json\/wp\/v2\/media\/1043"}],"wp:attachment":[{"href":"https:\/\/arduxop.com.br\/loja\/wp-json\/wp\/v2\/media?parent=1042"}],"wp:term":[{"taxonomy":"product_brand","embeddable":true,"href":"https:\/\/arduxop.com.br\/loja\/wp-json\/wp\/v2\/product_brand?post=1042"},{"taxonomy":"product_cat","embeddable":true,"href":"https:\/\/arduxop.com.br\/loja\/wp-json\/wp\/v2\/product_cat?post=1042"},{"taxonomy":"product_tag","embeddable":true,"href":"https:\/\/arduxop.com.br\/loja\/wp-json\/wp\/v2\/product_tag?post=1042"}],"curies":[{"name":"wp","href":"https:\/\/api.w.org\/{rel}","templated":true}]}}