{"id":1036,"date":"2018-01-16T11:23:23","date_gmt":"2018-01-16T13:23:23","guid":{"rendered":"https:\/\/arduxop.com.br\/loja\/produto\/sensor-de-luz-com-ldr\/"},"modified":"2024-07-25T07:58:51","modified_gmt":"2024-07-25T11:58:51","slug":"sensor-de-luz-com-ldr","status":"publish","type":"product","link":"https:\/\/arduxop.com.br\/loja\/produto\/sensor-de-luz-com-ldr\/","title":{"rendered":"Sensor de Luz com LDR"},"content":{"rendered":"<p>O M\u00f3dulo Sensor de Luminosidade LDR \u00e9 uma placa simples desenvolvida para aplica\u00e7\u00e3o em conjunto com plataformas de prototipagem, entre elas, Arduino, ARM, AVR, PIC, Raspberry PI.<br \/>\nO Sensor de Luminosidade Foto sensitivo \u00e9 composto por um sensor foto-c\u00e9lula LDR (Resistor Dependente de Luz), no qual, \u00e9 respons\u00e1vel pela varia\u00e7\u00e3o da resist\u00eancia conforme a intensidade da luminosidade incidente sobre ele. Isso significa, que na medida que a luz aumenta a sua resist\u00eancia diminui e de acordo com est\u00e1 intensidade que \u00e9 enviado os sinais ao sistema microcontrolado.<\/p>\n<p>Caracter\u00edsticas:<\/p>\n<p>&#8211; Sensor de luminosidade LDR;<br \/>\n&#8211; Resistor de Luz 5mm;<br \/>\n&#8211; Sonda de indu\u00e7\u00e3o fotossens\u00edvel;<br \/>\n&#8211; Indicador de sinal de sa\u00edda;<br \/>\n&#8211; Pinagem de f\u00e1cil conex\u00e3o.<\/p>\n<p>Especifica\u00e7\u00f5es T\u00e9cnicas:<\/p>\n<p>&#8211; Tens\u00e3o m\u00e1xima: 150V;<br \/>\n&#8211; Pot\u00eancia m\u00e1xima: 100mW;<br \/>\n&#8211; Temperatura de opera\u00e7\u00e3o: -30 ~ +70 \u00baC;<br \/>\n&#8211; Espectro de pico: 540nm;<br \/>\n&#8211; Resist\u00eancia na luz m\u00e1xima: 45 ~ 140O;<br \/>\n&#8211; Resist\u00eancia na escurid\u00e3o: aproximadamente 10MO;<br \/>\n&#8211; Tempo de resposta (ms): 20 subida &#8211; 30 descida;<br \/>\n&#8211; Tamanho: 5mm;<br \/>\n&#8211; Dimens\u00f5es (C x L x A): 20x10x10mm;<br \/>\n&#8211; Peso: ~1,5g.<\/p>\n<p>Itens Inclusos:<\/p>\n<p>&#8211; 01 M\u00f3dulo Sensor de Luz LDR 5mm GBK.<\/p>\n","protected":false},"excerpt":{"rendered":"<p>O M\u00f3dulo Sensor de Luminosidade LDR \u00e9 uma placa simples desenvolvida para aplica\u00e7\u00e3o em conjunto com plataformas de prototipagem, entre elas, Arduino, ARM, AVR, PIC, Raspberry PI. O Sensor de Luminosidade Foto sensitivo \u00e9 composto por um sensor foto-c\u00e9lula LDR (Resistor Dependente de Luz), no qual, \u00e9 respons\u00e1vel pela varia\u00e7\u00e3o da resist\u00eancia conforme a intensidade [&hellip;]<\/p>\n","protected":false},"featured_media":1037,"template":"","meta":[],"product_brand":[],"product_cat":[178],"product_tag":[],"class_list":{"0":"post-1036","1":"product","2":"type-product","3":"status-publish","4":"has-post-thumbnail","6":"product_cat-sensores","8":"entry","9":"has-media","11":"first","12":"outofstock","13":"purchasable","14":"product-type-simple","15":"has-product-nav","16":"col","17":"span_1_of_3","18":"owp-content-center","19":"owp-thumbs-layout-horizontal","20":"owp-btn-normal","21":"owp-tabs-layout-horizontal"},"_links":{"self":[{"href":"https:\/\/arduxop.com.br\/loja\/wp-json\/wp\/v2\/product\/1036","targetHints":{"allow":["GET"]}}],"collection":[{"href":"https:\/\/arduxop.com.br\/loja\/wp-json\/wp\/v2\/product"}],"about":[{"href":"https:\/\/arduxop.com.br\/loja\/wp-json\/wp\/v2\/types\/product"}],"wp:featuredmedia":[{"embeddable":true,"href":"https:\/\/arduxop.com.br\/loja\/wp-json\/wp\/v2\/media\/1037"}],"wp:attachment":[{"href":"https:\/\/arduxop.com.br\/loja\/wp-json\/wp\/v2\/media?parent=1036"}],"wp:term":[{"taxonomy":"product_brand","embeddable":true,"href":"https:\/\/arduxop.com.br\/loja\/wp-json\/wp\/v2\/product_brand?post=1036"},{"taxonomy":"product_cat","embeddable":true,"href":"https:\/\/arduxop.com.br\/loja\/wp-json\/wp\/v2\/product_cat?post=1036"},{"taxonomy":"product_tag","embeddable":true,"href":"https:\/\/arduxop.com.br\/loja\/wp-json\/wp\/v2\/product_tag?post=1036"}],"curies":[{"name":"wp","href":"https:\/\/api.w.org\/{rel}","templated":true}]}}