{"id":1030,"date":"2018-01-16T11:23:23","date_gmt":"2018-01-16T13:23:23","guid":{"rendered":"https:\/\/arduxop.com.br\/loja\/produto\/sensor-de-chamas\/"},"modified":"2024-07-25T07:58:50","modified_gmt":"2024-07-25T11:58:50","slug":"sensor-de-chamas","status":"publish","type":"product","link":"https:\/\/arduxop.com.br\/loja\/produto\/sensor-de-chamas\/","title":{"rendered":"Sensor de Chamas"},"content":{"rendered":"<p>O Sensor de Chama infravermelho (IR) P22 \u00e9 um equipamento eletr\u00f4nico desenvolvido para alertar o sistema microcontrolador sobre a presen\u00e7a de fogo em determinado ambiente, para que o mesmo possa tomar as a\u00e7\u00f5es necess\u00e1rias.<br \/>\n\u2013 Muito eficiente, o Sensor de Chama P22 consegue detectar ondas de luz emitidas pelo fogo com comprimento entre 760nm a 1100nm, entretanto o sensor tem algumas limita\u00e7\u00f5es quanto as chamas produzidas com alguns gases, entre eles, o g\u00e1s natural e o GLP, n\u00e3o as detectando nesses casos.<br \/>\n\u2013 O funcionamento do Sensor de Chama P22 \u00e9 muito simples, quando o sensor estiver ativo e for exposto \u00e0 presen\u00e7a de faixas de luz emitidas pelo fogo (dentro do comprimento das ondas especificadas) a sa\u00edda digital vai alternar seu n\u00edvel l\u00f3gico e repassar\u00e1 essa informa\u00e7\u00e3o ao microcontrolador, por exemplo, o Arduino, e esse tomar\u00e1 as provid\u00eancias cab\u00edveis, conforme estiver programado.<br \/>\n\u2013 O Sensor de Chama P22 comumente \u00e9 aplicado no desenvolvimento de projetos eletr\u00f4nicos na constru\u00e7\u00e3o de rob\u00f4s competidores para apagar chamas, por exemplo, ou na \u00e1rea de automa\u00e7\u00e3o residencial onde pode ser aplicado como sensor de monitoramento para disparar alarmes ou mesmo tomar provid\u00eancias imediatas, para tanto, \u00e9 necess\u00e1rio programa\u00e7\u00e3o e pode ser necess\u00e1rio a aplica\u00e7\u00e3o de outros dispositivos.<br \/>\n\u2013 Importante mencionar que n\u00e3o \u00e9 aconselh\u00e1vel aproximar muito do fogo o Sensor de Chama P22, uma vez que sua temperatura de trabalho m\u00e1xima recomendada \u00e9 de at\u00e9 85\u00b0C, pois temperaturas superiores poder\u00e3o danificar os componentes.<br \/>\n\u2013 Se voc\u00ea precisa de um sensor de grande utilidade e efici\u00eancia para a desenvolvimento dos seus projetos rob\u00f3ticos e de automa\u00e7\u00e3o residencial o Sensor de Chama \u00e9 o produto ideal, apresentando uma excelente rela\u00e7\u00e3o custo x benef\u00edcio.<\/p>\n","protected":false},"excerpt":{"rendered":"<p>O Sensor de Chama infravermelho (IR) P22 \u00e9 um equipamento eletr\u00f4nico desenvolvido para alertar o sistema microcontrolador sobre a presen\u00e7a de fogo em determinado ambiente, para que o mesmo possa tomar as a\u00e7\u00f5es necess\u00e1rias. \u2013 Muito eficiente, o Sensor de Chama P22 consegue detectar ondas de luz emitidas pelo fogo com comprimento entre 760nm a [&hellip;]<\/p>\n","protected":false},"featured_media":1031,"template":"","meta":[],"product_brand":[],"product_cat":[178],"product_tag":[259],"class_list":{"0":"post-1030","1":"product","2":"type-product","3":"status-publish","4":"has-post-thumbnail","6":"product_cat-sensores","7":"product_tag-chamas","9":"entry","10":"has-media","12":"first","13":"instock","14":"purchasable","15":"product-type-simple","16":"has-product-nav","17":"col","18":"span_1_of_3","19":"owp-content-center","20":"owp-thumbs-layout-horizontal","21":"owp-btn-normal","22":"owp-tabs-layout-horizontal"},"_links":{"self":[{"href":"https:\/\/arduxop.com.br\/loja\/wp-json\/wp\/v2\/product\/1030","targetHints":{"allow":["GET"]}}],"collection":[{"href":"https:\/\/arduxop.com.br\/loja\/wp-json\/wp\/v2\/product"}],"about":[{"href":"https:\/\/arduxop.com.br\/loja\/wp-json\/wp\/v2\/types\/product"}],"wp:featuredmedia":[{"embeddable":true,"href":"https:\/\/arduxop.com.br\/loja\/wp-json\/wp\/v2\/media\/1031"}],"wp:attachment":[{"href":"https:\/\/arduxop.com.br\/loja\/wp-json\/wp\/v2\/media?parent=1030"}],"wp:term":[{"taxonomy":"product_brand","embeddable":true,"href":"https:\/\/arduxop.com.br\/loja\/wp-json\/wp\/v2\/product_brand?post=1030"},{"taxonomy":"product_cat","embeddable":true,"href":"https:\/\/arduxop.com.br\/loja\/wp-json\/wp\/v2\/product_cat?post=1030"},{"taxonomy":"product_tag","embeddable":true,"href":"https:\/\/arduxop.com.br\/loja\/wp-json\/wp\/v2\/product_tag?post=1030"}],"curies":[{"name":"wp","href":"https:\/\/api.w.org\/{rel}","templated":true}]}}