{"id":1024,"date":"2018-01-16T10:23:23","date_gmt":"2018-01-16T13:23:23","guid":{"rendered":"https:\/\/arduxop.com.br\/loja\/produto\/sensor-de-luz-com-led\/"},"modified":"2024-07-25T07:59:14","modified_gmt":"2024-07-25T11:59:14","slug":"sensor-de-luz-com-led","status":"publish","type":"product","link":"https:\/\/arduxop.com.br\/loja\/produto\/sensor-de-luz-com-led\/","title":{"rendered":"Sensor de Luminosidade com LDR"},"content":{"rendered":"<p>\u2013 O M\u00f3dulo Sensor de Luminosidade Fotossensitivo P7 \u00e9 uma placa desenvolvida para aplica\u00e7\u00e3o em conjunto com plataformas de prototipagem, entre elas, Arduino, ARM, AVR, PIC, Raspberry PI.<br \/>\u2013 O M\u00f3dulo Sensor de Luminosidade Fotossensitivo \u00e9 composto por um sensor fotoc\u00e9lula LDR (Resistor Dependente de Luz), respons\u00e1vel pela varia\u00e7\u00e3o da resist\u00eancia conforme a intensidade da luminosidade incidente sobre ele. Na pr\u00e1tica, a medida que a luz aumenta a resist\u00eancia diminui.<br \/>\u2013 De acordo com a intensidade luminosa oferecida ao LDR, o M\u00f3dulo Sensor de Luminosidade Fotossensitivo P7 envia sinais ao Arduino, por exemplo, e este, conforme programa\u00e7\u00e3o atuar\u00e1 de determinada maneira, seja fechando as cortinas da casa, acendendo ou apagando l\u00e2mpadas, etc.<br \/>\u2013 Com um exclusivo sistema, o M\u00f3dulo Sensor de Luminosidade Fotossensitivo j\u00e1 possui LEDs integrados que possibilitam a cria\u00e7\u00e3o de um projeto que seja capaz de apresentar o grau de luminosidade presente sobre o sensor LDR.<br \/>\u2013 Nos projetos em geral, principalmente dom\u00f3ticos ( automa\u00e7\u00e3o residencial ), o M\u00f3dulo Sensor de Luminosidade Fotossensitivo P7 identifica a falta ou a presen\u00e7a de luminosidade e isso o ativa, fazendo com que envie as informa\u00e7\u00f5es ao microcontrolador.<br \/>\u2013 Mas, esta n\u00e3o \u00e9 a \u00fanica forma de utiliza\u00e7\u00e3o, o M\u00f3dulo Sensor de Luminosidade Fotossensitivo pode ser utilizado na constru\u00e7\u00e3o de projetos de alarmes residencias baseados em plataformas de prototipagem, onde o rompimento de um feixe de luz pode identificar a presen\u00e7a de uma pessoa, por exemplo.<br \/>\u2013 Adquira hoje mesmo o seu M\u00f3dulo Sensor de Luminosidade Fotossensitivo P7, e deixe sua criatividade fluir, empregando o m\u00f3dulo para os mais diversos fins, inclusive automa\u00e7\u00e3o residencial e seguran\u00e7a.<\/p>\n<p>\u2022 Vmax: 150V; \u2022 Pmax: 100mW; \u2022 Temperatura de opera\u00e7\u00e3o: -30 ~ +70 \u00baC; \u2022 Espectro de pico: 540nm; \u2022 Resist\u00eancia na luz m\u00e1xima: 45 ~ 140O; \u2022 Resistencia na escurid\u00e3o: ~10MO; \u2022 Tempo de resposta (ms): 20 subida &#8211; 30 descida; \u2022 Tamanho: 5mm. Dimensoes: Largura: 17mm Comprimento: 50mm<\/p>\n","protected":false},"excerpt":{"rendered":"<p><br data-mce-bogus=\"1\"><\/p>\n","protected":false},"featured_media":1025,"template":"","meta":[],"product_brand":[],"product_cat":[50,178],"product_tag":[262,261],"class_list":{"0":"post-1024","1":"product","2":"type-product","3":"status-publish","4":"has-post-thumbnail","6":"product_cat-modulos","7":"product_cat-sensores","8":"product_tag-luminosidade","9":"product_tag-luz","11":"entry","12":"has-media","14":"first","15":"instock","16":"purchasable","17":"product-type-simple","18":"has-product-nav","19":"col","20":"span_1_of_3","21":"owp-content-center","22":"owp-thumbs-layout-horizontal","23":"owp-btn-normal","24":"owp-tabs-layout-horizontal"},"_links":{"self":[{"href":"https:\/\/arduxop.com.br\/loja\/wp-json\/wp\/v2\/product\/1024","targetHints":{"allow":["GET"]}}],"collection":[{"href":"https:\/\/arduxop.com.br\/loja\/wp-json\/wp\/v2\/product"}],"about":[{"href":"https:\/\/arduxop.com.br\/loja\/wp-json\/wp\/v2\/types\/product"}],"wp:featuredmedia":[{"embeddable":true,"href":"https:\/\/arduxop.com.br\/loja\/wp-json\/wp\/v2\/media\/1025"}],"wp:attachment":[{"href":"https:\/\/arduxop.com.br\/loja\/wp-json\/wp\/v2\/media?parent=1024"}],"wp:term":[{"taxonomy":"product_brand","embeddable":true,"href":"https:\/\/arduxop.com.br\/loja\/wp-json\/wp\/v2\/product_brand?post=1024"},{"taxonomy":"product_cat","embeddable":true,"href":"https:\/\/arduxop.com.br\/loja\/wp-json\/wp\/v2\/product_cat?post=1024"},{"taxonomy":"product_tag","embeddable":true,"href":"https:\/\/arduxop.com.br\/loja\/wp-json\/wp\/v2\/product_tag?post=1024"}],"curies":[{"name":"wp","href":"https:\/\/api.w.org\/{rel}","templated":true}]}}