{"id":1010,"date":"2018-01-16T11:23:23","date_gmt":"2018-01-16T13:23:23","guid":{"rendered":"https:\/\/arduxop.com.br\/loja\/produto\/driver-de-motor-de-passo\/"},"modified":"2024-07-25T07:58:48","modified_gmt":"2024-07-25T11:58:48","slug":"driver-de-motor-de-passo","status":"publish","type":"product","link":"https:\/\/arduxop.com.br\/loja\/produto\/driver-de-motor-de-passo\/","title":{"rendered":"Driver de Motor de Passo"},"content":{"rendered":"<p>Detalhes do produto<br \/>\nCom alimenta\u00e7\u00e3o externa pode ser usado em motores de passo com alimenta\u00e7\u00e3o de 5 a 12vdc.<br \/>\nPode ser usado tamb\u00e9m para controlar fitas de led RGB.Driver para motores Unipolares.<br \/>\nExemplo 1: p6-modulo-driver-.pdf<\/p>\n","protected":false},"excerpt":{"rendered":"<p>Detalhes do produto Com alimenta\u00e7\u00e3o externa pode ser usado em motores de passo com alimenta\u00e7\u00e3o de 5 a 12vdc. Pode ser usado tamb\u00e9m para controlar fitas de led RGB.Driver para motores Unipolares. Exemplo 1: p6-modulo-driver-.pdf<\/p>\n","protected":false},"featured_media":1011,"template":"","meta":[],"product_brand":[],"product_cat":[198,191,51,212],"product_tag":[],"class_list":{"0":"post-1010","1":"product","2":"type-product","3":"status-publish","4":"has-post-thumbnail","6":"product_cat-cnc","7":"product_cat-drivers","8":"product_cat-motores","9":"product_cat-passo","11":"entry","12":"has-media","14":"first","15":"outofstock","16":"purchasable","17":"product-type-simple","18":"has-product-nav","19":"col","20":"span_1_of_3","21":"owp-content-center","22":"owp-thumbs-layout-horizontal","23":"owp-btn-normal","24":"owp-tabs-layout-horizontal"},"_links":{"self":[{"href":"https:\/\/arduxop.com.br\/loja\/wp-json\/wp\/v2\/product\/1010","targetHints":{"allow":["GET"]}}],"collection":[{"href":"https:\/\/arduxop.com.br\/loja\/wp-json\/wp\/v2\/product"}],"about":[{"href":"https:\/\/arduxop.com.br\/loja\/wp-json\/wp\/v2\/types\/product"}],"wp:featuredmedia":[{"embeddable":true,"href":"https:\/\/arduxop.com.br\/loja\/wp-json\/wp\/v2\/media\/1011"}],"wp:attachment":[{"href":"https:\/\/arduxop.com.br\/loja\/wp-json\/wp\/v2\/media?parent=1010"}],"wp:term":[{"taxonomy":"product_brand","embeddable":true,"href":"https:\/\/arduxop.com.br\/loja\/wp-json\/wp\/v2\/product_brand?post=1010"},{"taxonomy":"product_cat","embeddable":true,"href":"https:\/\/arduxop.com.br\/loja\/wp-json\/wp\/v2\/product_cat?post=1010"},{"taxonomy":"product_tag","embeddable":true,"href":"https:\/\/arduxop.com.br\/loja\/wp-json\/wp\/v2\/product_tag?post=1010"}],"curies":[{"name":"wp","href":"https:\/\/api.w.org\/{rel}","templated":true}]}}