{"id":1005,"date":"2018-01-16T11:23:23","date_gmt":"2018-01-16T13:23:23","guid":{"rendered":"https:\/\/arduxop.com.br\/loja\/produto\/display-7-segmentos-anodo-comum\/"},"modified":"2024-09-19T16:05:42","modified_gmt":"2024-09-19T20:05:42","slug":"display-7-segmentos-anodo-comum","status":"publish","type":"product","link":"https:\/\/arduxop.com.br\/loja\/produto\/display-7-segmentos-anodo-comum\/","title":{"rendered":"Display 7 Segmentos Anodo Comum"},"content":{"rendered":"<p>Esse m\u00f3dulo contempla um Display de 0,52\u201d (13x19mm) do tipo Anodo Comum com 7 Segmentos e um oitavo segmento que representa o \u201cponto\u201d.<\/p>\n<p>Com os sete segmentos de LEDs \u00e9 poss\u00edvel representar n\u00fameros de 0 a 9 e algumas letras rudimentares como: A, B, C, D, E e F.<\/p>\n<p>Especifica\u00e7\u00f5es do Display Anodo Comum:Cor dos LEDs: Vermelho;Tens\u00e3o direta (VF): 1,8V a 2,0V;Corrente Direta (IF): 20mA. Exemplo 1: p11-modulo-display-comum.pdf<\/p>\n","protected":false},"excerpt":{"rendered":"<p><br data-mce-bogus=\"1\"><\/p>\n","protected":false},"featured_media":1006,"template":"","meta":[],"product_brand":[],"product_cat":[183,234,50],"product_tag":[],"class_list":{"0":"post-1005","1":"product","2":"type-product","3":"status-publish","4":"has-post-thumbnail","6":"product_cat-displays","7":"product_cat-led","8":"product_cat-modulos","10":"entry","11":"has-media","13":"first","14":"instock","15":"purchasable","16":"product-type-simple","17":"has-product-nav","18":"col","19":"span_1_of_3","20":"owp-content-center","21":"owp-thumbs-layout-horizontal","22":"owp-btn-normal","23":"owp-tabs-layout-horizontal"},"_links":{"self":[{"href":"https:\/\/arduxop.com.br\/loja\/wp-json\/wp\/v2\/product\/1005","targetHints":{"allow":["GET"]}}],"collection":[{"href":"https:\/\/arduxop.com.br\/loja\/wp-json\/wp\/v2\/product"}],"about":[{"href":"https:\/\/arduxop.com.br\/loja\/wp-json\/wp\/v2\/types\/product"}],"wp:featuredmedia":[{"embeddable":true,"href":"https:\/\/arduxop.com.br\/loja\/wp-json\/wp\/v2\/media\/1006"}],"wp:attachment":[{"href":"https:\/\/arduxop.com.br\/loja\/wp-json\/wp\/v2\/media?parent=1005"}],"wp:term":[{"taxonomy":"product_brand","embeddable":true,"href":"https:\/\/arduxop.com.br\/loja\/wp-json\/wp\/v2\/product_brand?post=1005"},{"taxonomy":"product_cat","embeddable":true,"href":"https:\/\/arduxop.com.br\/loja\/wp-json\/wp\/v2\/product_cat?post=1005"},{"taxonomy":"product_tag","embeddable":true,"href":"https:\/\/arduxop.com.br\/loja\/wp-json\/wp\/v2\/product_tag?post=1005"}],"curies":[{"name":"wp","href":"https:\/\/api.w.org\/{rel}","templated":true}]}}