{"id":17014,"date":"2021-08-04T18:55:54","date_gmt":"2021-08-04T21:55:54","guid":{"rendered":"https:\/\/arduxop.com.br\/loja\/?page_id=17014"},"modified":"2021-08-04T18:59:16","modified_gmt":"2021-08-04T21:59:16","slug":"artigos2-2","status":"publish","type":"page","link":"https:\/\/arduxop.com.br\/loja\/artigos2-2\/","title":{"rendered":"Videos2"},"content":{"rendered":"\t\t<div data-elementor-type=\"wp-page\" data-elementor-id=\"17014\" class=\"elementor elementor-17014\" data-elementor-post-type=\"page\">\n\t\t\t\t\t\t<section class=\"elementor-section elementor-top-section elementor-element elementor-element-22bfbca elementor-section-full_width elementor-section-height-default elementor-section-height-default\" data-id=\"22bfbca\" data-element_type=\"section\" data-e-type=\"section\">\n\t\t\t\t\t\t<div class=\"elementor-container elementor-column-gap-default\">\n\t\t\t\t\t<div class=\"elementor-column elementor-col-100 elementor-top-column elementor-element elementor-element-b3a3fe7\" data-id=\"b3a3fe7\" data-element_type=\"column\" data-e-type=\"column\">\n\t\t\t<div class=\"elementor-widget-wrap elementor-element-populated\">\n\t\t\t\t\t\t<div class=\"elementor-element elementor-element-e21dc7f elementor-grid-3 elementor-grid-tablet-2 elementor-grid-mobile-1 elementor-posts--thumbnail-top elementor-card-shadow-yes elementor-posts__hover-gradient elementor-widget elementor-widget-posts\" data-id=\"e21dc7f\" data-element_type=\"widget\" data-e-type=\"widget\" data-settings=\"{&quot;cards_columns&quot;:&quot;3&quot;,&quot;cards_columns_tablet&quot;:&quot;2&quot;,&quot;cards_columns_mobile&quot;:&quot;1&quot;,&quot;cards_row_gap&quot;:{&quot;unit&quot;:&quot;px&quot;,&quot;size&quot;:35,&quot;sizes&quot;:[]},&quot;cards_row_gap_tablet&quot;:{&quot;unit&quot;:&quot;px&quot;,&quot;size&quot;:&quot;&quot;,&quot;sizes&quot;:[]},&quot;cards_row_gap_mobile&quot;:{&quot;unit&quot;:&quot;px&quot;,&quot;size&quot;:&quot;&quot;,&quot;sizes&quot;:[]}}\" data-widget_type=\"posts.cards\">\n\t\t\t\t<div class=\"elementor-widget-container\">\n\t\t\t\t\t\t\t<div class=\"elementor-posts-container elementor-posts elementor-posts--skin-cards elementor-grid\">\n\t\t\t\t<article class=\"elementor-post elementor-grid-item post-16596 post type-post status-publish format-standard has-post-thumbnail hentry category-videos entry has-media owp-thumbs-layout-horizontal owp-btn-normal owp-tabs-layout-horizontal has-no-thumbnails has-product-nav\">\n\t\t\t<div class=\"elementor-post__card\">\n\t\t\t\t<a class=\"elementor-post__thumbnail__link\" href=\"https:\/\/arduxop.com.br\/loja\/raspberry-pi-pico-examples\/\" tabindex=\"-1\" target=\"_blank\"><div class=\"elementor-post__thumbnail\"><img fetchpriority=\"high\" decoding=\"async\" width=\"300\" height=\"169\" src=\"https:\/\/arduxop.com.br\/loja\/wp-content\/uploads\/2021\/03\/raspberry-pi-pico-examples-zlKJ5hvfs6s-300x169.jpg\" class=\"attachment-medium size-medium wp-image-16598\" alt=\"\" srcset=\"https:\/\/arduxop.com.br\/loja\/wp-content\/uploads\/2021\/03\/raspberry-pi-pico-examples-zlKJ5hvfs6s-300x169.jpg 300w, https:\/\/arduxop.com.br\/loja\/wp-content\/uploads\/2021\/03\/raspberry-pi-pico-examples-zlKJ5hvfs6s-350x197.jpg 350w, https:\/\/arduxop.com.br\/loja\/wp-content\/uploads\/2021\/03\/raspberry-pi-pico-examples-zlKJ5hvfs6s-680x383.jpg 680w, https:\/\/arduxop.com.br\/loja\/wp-content\/uploads\/2021\/03\/raspberry-pi-pico-examples-zlKJ5hvfs6s-64x36.jpg 64w, https:\/\/arduxop.com.br\/loja\/wp-content\/uploads\/2021\/03\/raspberry-pi-pico-examples-zlKJ5hvfs6s-1024x576.jpg 1024w, https:\/\/arduxop.com.br\/loja\/wp-content\/uploads\/2021\/03\/raspberry-pi-pico-examples-zlKJ5hvfs6s-768x432.jpg 768w, https:\/\/arduxop.com.br\/loja\/wp-content\/uploads\/2021\/03\/raspberry-pi-pico-examples-zlKJ5hvfs6s.jpg 1000w\" sizes=\"(max-width: 300px) 100vw, 300px\" \/><\/div><\/a>\n\t\t\t\t<div class=\"elementor-post__text\">\n\t\t\t\t<h3 class=\"elementor-post__title\">\n\t\t\t<a href=\"https:\/\/arduxop.com.br\/loja\/raspberry-pi-pico-examples\/\" target=&quot;_blank&quot;>\n\t\t\t\tRaspberry PI Pico Examples\t\t\t<\/a>\n\t\t<\/h3>\n\t\t\t\t<div class=\"elementor-post__excerpt\">\n\t\t\t\t\t<\/div>\n\t\t\n\t\t<a class=\"elementor-post__read-more\" href=\"https:\/\/arduxop.com.br\/loja\/raspberry-pi-pico-examples\/\" aria-label=\"Read more about Raspberry PI Pico Examples\" tabindex=\"-1\" target=\"_blank\">\n\t\t\tLeia Mais\t\t<\/a>\n\n\t\t\t\t<\/div>\n\t\t\t\t\t<\/div>\n\t\t<\/article>\n\t\t\t\t<article class=\"elementor-post elementor-grid-item post-16057 post type-post status-publish format-standard has-post-thumbnail hentry category-videos entry has-media owp-thumbs-layout-horizontal owp-btn-normal owp-tabs-layout-horizontal has-no-thumbnails has-product-nav\">\n\t\t\t<div class=\"elementor-post__card\">\n\t\t\t\t<a class=\"elementor-post__thumbnail__link\" href=\"https:\/\/arduxop.com.br\/loja\/como-alimentar-seu-projeto\/\" tabindex=\"-1\" target=\"_blank\"><div class=\"elementor-post__thumbnail\"><img decoding=\"async\" width=\"300\" height=\"169\" src=\"https:\/\/arduxop.com.br\/loja\/wp-content\/uploads\/2021\/01\/como-alimentar-seu-projeto-IT19dg73nKU-300x169.jpg\" class=\"attachment-medium size-medium wp-image-16059\" alt=\"\" srcset=\"https:\/\/arduxop.com.br\/loja\/wp-content\/uploads\/2021\/01\/como-alimentar-seu-projeto-IT19dg73nKU-300x169.jpg 300w, https:\/\/arduxop.com.br\/loja\/wp-content\/uploads\/2021\/01\/como-alimentar-seu-projeto-IT19dg73nKU-350x197.jpg 350w, https:\/\/arduxop.com.br\/loja\/wp-content\/uploads\/2021\/01\/como-alimentar-seu-projeto-IT19dg73nKU-680x383.jpg 680w, https:\/\/arduxop.com.br\/loja\/wp-content\/uploads\/2021\/01\/como-alimentar-seu-projeto-IT19dg73nKU-64x36.jpg 64w, https:\/\/arduxop.com.br\/loja\/wp-content\/uploads\/2021\/01\/como-alimentar-seu-projeto-IT19dg73nKU-1024x576.jpg 1024w, https:\/\/arduxop.com.br\/loja\/wp-content\/uploads\/2021\/01\/como-alimentar-seu-projeto-IT19dg73nKU-768x432.jpg 768w, https:\/\/arduxop.com.br\/loja\/wp-content\/uploads\/2021\/01\/como-alimentar-seu-projeto-IT19dg73nKU.jpg 1000w\" sizes=\"(max-width: 300px) 100vw, 300px\" \/><\/div><\/a>\n\t\t\t\t<div class=\"elementor-post__text\">\n\t\t\t\t<h3 class=\"elementor-post__title\">\n\t\t\t<a href=\"https:\/\/arduxop.com.br\/loja\/como-alimentar-seu-projeto\/\" target=&quot;_blank&quot;>\n\t\t\t\tComo alimentar seu projeto\t\t\t<\/a>\n\t\t<\/h3>\n\t\t\t\t<div class=\"elementor-post__excerpt\">\n\t\t\t<p>Full article at https:\/\/dbot.ws\/pwrvolt More info and projects at https:\/\/dronebotworkshop.com Join the newsletter, and tell me what videos to make at https:\/\/dbot.ws\/dbnews Today we are<\/p>\n\t\t<\/div>\n\t\t\n\t\t<a class=\"elementor-post__read-more\" href=\"https:\/\/arduxop.com.br\/loja\/como-alimentar-seu-projeto\/\" aria-label=\"Read more about Como alimentar seu projeto\" tabindex=\"-1\" target=\"_blank\">\n\t\t\tLeia Mais\t\t<\/a>\n\n\t\t\t\t<\/div>\n\t\t\t\t\t<\/div>\n\t\t<\/article>\n\t\t\t\t<article class=\"elementor-post elementor-grid-item post-15618 post type-post status-publish format-standard has-post-thumbnail hentry category-videos entry has-media owp-thumbs-layout-horizontal owp-btn-normal owp-tabs-layout-horizontal has-no-thumbnails has-product-nav\">\n\t\t\t<div class=\"elementor-post__card\">\n\t\t\t\t<a class=\"elementor-post__thumbnail__link\" href=\"https:\/\/arduxop.com.br\/loja\/bbc-microbit\/\" tabindex=\"-1\" target=\"_blank\"><div class=\"elementor-post__thumbnail\"><img decoding=\"async\" width=\"300\" height=\"169\" src=\"https:\/\/arduxop.com.br\/loja\/wp-content\/uploads\/2020\/09\/bbc-micro-bit-jl2eDLJSaCU-300x169.jpg\" class=\"attachment-medium size-medium wp-image-15620\" alt=\"\" srcset=\"https:\/\/arduxop.com.br\/loja\/wp-content\/uploads\/2020\/09\/bbc-micro-bit-jl2eDLJSaCU-300x169.jpg 300w, https:\/\/arduxop.com.br\/loja\/wp-content\/uploads\/2020\/09\/bbc-micro-bit-jl2eDLJSaCU-350x197.jpg 350w, https:\/\/arduxop.com.br\/loja\/wp-content\/uploads\/2020\/09\/bbc-micro-bit-jl2eDLJSaCU-680x383.jpg 680w, https:\/\/arduxop.com.br\/loja\/wp-content\/uploads\/2020\/09\/bbc-micro-bit-jl2eDLJSaCU-64x36.jpg 64w, https:\/\/arduxop.com.br\/loja\/wp-content\/uploads\/2020\/09\/bbc-micro-bit-jl2eDLJSaCU-1024x576.jpg 1024w, https:\/\/arduxop.com.br\/loja\/wp-content\/uploads\/2020\/09\/bbc-micro-bit-jl2eDLJSaCU-768x432.jpg 768w, https:\/\/arduxop.com.br\/loja\/wp-content\/uploads\/2020\/09\/bbc-micro-bit-jl2eDLJSaCU.jpg 1000w\" sizes=\"(max-width: 300px) 100vw, 300px\" \/><\/div><\/a>\n\t\t\t\t<div class=\"elementor-post__text\">\n\t\t\t\t<h3 class=\"elementor-post__title\">\n\t\t\t<a href=\"https:\/\/arduxop.com.br\/loja\/bbc-microbit\/\" target=&quot;_blank&quot;>\n\t\t\t\tBBC Micro:bit\t\t\t<\/a>\n\t\t<\/h3>\n\t\t\t\t<div class=\"elementor-post__excerpt\">\n\t\t\t<p>Testamos o micro:bit! Venha experimentar esse &#8220;Arduino&#8221; crocante e recheado!<\/p>\n\t\t<\/div>\n\t\t\n\t\t<a class=\"elementor-post__read-more\" href=\"https:\/\/arduxop.com.br\/loja\/bbc-microbit\/\" aria-label=\"Read more about BBC Micro:bit\" tabindex=\"-1\" target=\"_blank\">\n\t\t\tLeia Mais\t\t<\/a>\n\n\t\t\t\t<\/div>\n\t\t\t\t\t<\/div>\n\t\t<\/article>\n\t\t\t\t<article class=\"elementor-post elementor-grid-item post-9712 post type-post status-publish format-standard has-post-thumbnail hentry category-videos entry has-media owp-thumbs-layout-horizontal owp-btn-normal owp-tabs-layout-horizontal has-no-thumbnails has-product-nav\">\n\t\t\t<div class=\"elementor-post__card\">\n\t\t\t\t<a class=\"elementor-post__thumbnail__link\" href=\"https:\/\/arduxop.com.br\/loja\/https-youtu-be-dcqbks-hbhy\/\" tabindex=\"-1\" target=\"_blank\"><div class=\"elementor-post__thumbnail\"><img loading=\"lazy\" decoding=\"async\" width=\"300\" height=\"169\" src=\"https:\/\/arduxop.com.br\/loja\/wp-content\/uploads\/2019\/10\/https-youtu-be-dcqbks-hbhy-dcQBKs-HBhY-300x169.jpg\" class=\"attachment-medium size-medium wp-image-9714\" alt=\"\" srcset=\"https:\/\/arduxop.com.br\/loja\/wp-content\/uploads\/2019\/10\/https-youtu-be-dcqbks-hbhy-dcQBKs-HBhY-300x169.jpg 300w, https:\/\/arduxop.com.br\/loja\/wp-content\/uploads\/2019\/10\/https-youtu-be-dcqbks-hbhy-dcQBKs-HBhY-350x197.jpg 350w, https:\/\/arduxop.com.br\/loja\/wp-content\/uploads\/2019\/10\/https-youtu-be-dcqbks-hbhy-dcQBKs-HBhY-680x383.jpg 680w, https:\/\/arduxop.com.br\/loja\/wp-content\/uploads\/2019\/10\/https-youtu-be-dcqbks-hbhy-dcQBKs-HBhY-64x36.jpg 64w, https:\/\/arduxop.com.br\/loja\/wp-content\/uploads\/2019\/10\/https-youtu-be-dcqbks-hbhy-dcQBKs-HBhY-1024x576.jpg 1024w, https:\/\/arduxop.com.br\/loja\/wp-content\/uploads\/2019\/10\/https-youtu-be-dcqbks-hbhy-dcQBKs-HBhY-768x432.jpg 768w, https:\/\/arduxop.com.br\/loja\/wp-content\/uploads\/2019\/10\/https-youtu-be-dcqbks-hbhy-dcQBKs-HBhY.jpg 1000w\" sizes=\"(max-width: 300px) 100vw, 300px\" \/><\/div><\/a>\n\t\t\t\t<div class=\"elementor-post__text\">\n\t\t\t\t<h3 class=\"elementor-post__title\">\n\t\t\t<a href=\"https:\/\/arduxop.com.br\/loja\/https-youtu-be-dcqbks-hbhy\/\" target=&quot;_blank&quot;>\n\t\t\t\tConhe\u00e7a o ESP8266.\t\t\t<\/a>\n\t\t<\/h3>\n\t\t\t\t<div class=\"elementor-post__excerpt\">\n\t\t\t<p>Conhe\u00e7a o ESP8266. e sua automa\u00e7\u00e3o residencial nunca mais ser\u00e1 a mesma.<\/p>\n\t\t<\/div>\n\t\t\n\t\t<a class=\"elementor-post__read-more\" href=\"https:\/\/arduxop.com.br\/loja\/https-youtu-be-dcqbks-hbhy\/\" aria-label=\"Read more about Conhe\u00e7a o ESP8266.\" tabindex=\"-1\" target=\"_blank\">\n\t\t\tLeia Mais\t\t<\/a>\n\n\t\t\t\t<\/div>\n\t\t\t\t\t<\/div>\n\t\t<\/article>\n\t\t\t\t<article class=\"elementor-post elementor-grid-item post-7596 post type-post status-publish format-standard has-post-thumbnail hentry category-videos entry has-media owp-thumbs-layout-horizontal owp-btn-normal owp-tabs-layout-horizontal has-no-thumbnails has-product-nav\">\n\t\t\t<div class=\"elementor-post__card\">\n\t\t\t\t<a class=\"elementor-post__thumbnail__link\" href=\"https:\/\/arduxop.com.br\/loja\/como-ganha-dinheiro-com-iot\/\" tabindex=\"-1\" target=\"_blank\"><div class=\"elementor-post__thumbnail\"><img loading=\"lazy\" decoding=\"async\" width=\"300\" height=\"169\" src=\"https:\/\/arduxop.com.br\/loja\/wp-content\/uploads\/2019\/09\/como-ganha-dinheiro-com-iot-XHGLZoLjZ8E-300x169.jpg\" class=\"attachment-medium size-medium wp-image-7598\" alt=\"\" srcset=\"https:\/\/arduxop.com.br\/loja\/wp-content\/uploads\/2019\/09\/como-ganha-dinheiro-com-iot-XHGLZoLjZ8E-300x169.jpg 300w, https:\/\/arduxop.com.br\/loja\/wp-content\/uploads\/2019\/09\/como-ganha-dinheiro-com-iot-XHGLZoLjZ8E-350x197.jpg 350w, https:\/\/arduxop.com.br\/loja\/wp-content\/uploads\/2019\/09\/como-ganha-dinheiro-com-iot-XHGLZoLjZ8E-680x383.jpg 680w, https:\/\/arduxop.com.br\/loja\/wp-content\/uploads\/2019\/09\/como-ganha-dinheiro-com-iot-XHGLZoLjZ8E-64x36.jpg 64w, https:\/\/arduxop.com.br\/loja\/wp-content\/uploads\/2019\/09\/como-ganha-dinheiro-com-iot-XHGLZoLjZ8E-1024x576.jpg 1024w, https:\/\/arduxop.com.br\/loja\/wp-content\/uploads\/2019\/09\/como-ganha-dinheiro-com-iot-XHGLZoLjZ8E-768x432.jpg 768w, https:\/\/arduxop.com.br\/loja\/wp-content\/uploads\/2019\/09\/como-ganha-dinheiro-com-iot-XHGLZoLjZ8E.jpg 1000w\" sizes=\"(max-width: 300px) 100vw, 300px\" \/><\/div><\/a>\n\t\t\t\t<div class=\"elementor-post__text\">\n\t\t\t\t<h3 class=\"elementor-post__title\">\n\t\t\t<a href=\"https:\/\/arduxop.com.br\/loja\/como-ganha-dinheiro-com-iot\/\" target=&quot;_blank&quot;>\n\t\t\t\tComo Ganhar Dinheiro com IOT\t\t\t<\/a>\n\t\t<\/h3>\n\t\t\t\t<div class=\"elementor-post__excerpt\">\n\t\t\t<p> J\u00e1 pensou em ganhar dinheiro com Internet das Coisas?<\/p>\n\t\t<\/div>\n\t\t\n\t\t<a class=\"elementor-post__read-more\" href=\"https:\/\/arduxop.com.br\/loja\/como-ganha-dinheiro-com-iot\/\" aria-label=\"Read more about Como Ganhar Dinheiro com IOT\" tabindex=\"-1\" target=\"_blank\">\n\t\t\tLeia Mais\t\t<\/a>\n\n\t\t\t\t<\/div>\n\t\t\t\t\t<\/div>\n\t\t<\/article>\n\t\t\t\t<article class=\"elementor-post elementor-grid-item post-3833 post type-post status-publish format-standard has-post-thumbnail hentry category-videos entry has-media owp-thumbs-layout-horizontal owp-btn-normal owp-tabs-layout-horizontal has-no-thumbnails has-product-nav\">\n\t\t\t<div class=\"elementor-post__card\">\n\t\t\t\t<a class=\"elementor-post__thumbnail__link\" href=\"https:\/\/arduxop.com.br\/loja\/3833-2\/\" tabindex=\"-1\" target=\"_blank\"><div class=\"elementor-post__thumbnail\"><img loading=\"lazy\" decoding=\"async\" width=\"300\" height=\"225\" src=\"https:\/\/arduxop.com.br\/loja\/wp-content\/uploads\/2019\/05\/carrinho-seguidor-de-linha-6J8iE98VMzw-300x225.jpg\" class=\"attachment-medium size-medium wp-image-3838\" alt=\"\" srcset=\"https:\/\/arduxop.com.br\/loja\/wp-content\/uploads\/2019\/05\/carrinho-seguidor-de-linha-6J8iE98VMzw-300x225.jpg 300w, https:\/\/arduxop.com.br\/loja\/wp-content\/uploads\/2019\/05\/carrinho-seguidor-de-linha-6J8iE98VMzw-350x263.jpg 350w, https:\/\/arduxop.com.br\/loja\/wp-content\/uploads\/2019\/05\/carrinho-seguidor-de-linha-6J8iE98VMzw-680x510.jpg 680w, https:\/\/arduxop.com.br\/loja\/wp-content\/uploads\/2019\/05\/carrinho-seguidor-de-linha-6J8iE98VMzw-64x48.jpg 64w, https:\/\/arduxop.com.br\/loja\/wp-content\/uploads\/2019\/05\/carrinho-seguidor-de-linha-6J8iE98VMzw-768x576.jpg 768w, https:\/\/arduxop.com.br\/loja\/wp-content\/uploads\/2019\/05\/carrinho-seguidor-de-linha-6J8iE98VMzw.jpg 960w\" sizes=\"(max-width: 300px) 100vw, 300px\" \/><\/div><\/a>\n\t\t\t\t<div class=\"elementor-post__text\">\n\t\t\t\t<h3 class=\"elementor-post__title\">\n\t\t\t<a href=\"https:\/\/arduxop.com.br\/loja\/3833-2\/\" target=&quot;_blank&quot;>\n\t\t\t\tCarrinho seguidor de linha\t\t\t<\/a>\n\t\t<\/h3>\n\t\t\t\t<div class=\"elementor-post__excerpt\">\n\t\t\t<p>Tutorial: Carrinho seguidor de linha que desvia de obst\u00e1culos com plataforma Zumo e Arduino Neste tutorial vamos mostrar como voc\u00ea pode fazer um carrinho seguidor<\/p>\n\t\t<\/div>\n\t\t\n\t\t<a class=\"elementor-post__read-more\" href=\"https:\/\/arduxop.com.br\/loja\/3833-2\/\" aria-label=\"Read more about Carrinho seguidor de linha\" tabindex=\"-1\" target=\"_blank\">\n\t\t\tLeia Mais\t\t<\/a>\n\n\t\t\t\t<\/div>\n\t\t\t\t\t<\/div>\n\t\t<\/article>\n\t\t\t\t<article class=\"elementor-post elementor-grid-item post-3701 post type-post status-publish format-standard has-post-thumbnail hentry category-videos entry has-media owp-thumbs-layout-horizontal owp-btn-normal owp-tabs-layout-horizontal has-no-thumbnails has-product-nav\">\n\t\t\t<div class=\"elementor-post__card\">\n\t\t\t\t<a class=\"elementor-post__thumbnail__link\" href=\"https:\/\/arduxop.com.br\/loja\/afinal-o-que-e-internet-das-coisas-iot-entenda-de-uma-vez-por-todas\/\" tabindex=\"-1\" target=\"_blank\"><div class=\"elementor-post__thumbnail\"><img loading=\"lazy\" decoding=\"async\" width=\"300\" height=\"169\" src=\"https:\/\/arduxop.com.br\/loja\/wp-content\/uploads\/2019\/03\/afinal-o-que-internet-das-coisas-iot-entenda-de-uma-vez-por-todas-QtjFedAEXus-300x169.jpg\" class=\"attachment-medium size-medium wp-image-3705\" alt=\"\" srcset=\"https:\/\/arduxop.com.br\/loja\/wp-content\/uploads\/2019\/03\/afinal-o-que-internet-das-coisas-iot-entenda-de-uma-vez-por-todas-QtjFedAEXus-300x169.jpg 300w, https:\/\/arduxop.com.br\/loja\/wp-content\/uploads\/2019\/03\/afinal-o-que-internet-das-coisas-iot-entenda-de-uma-vez-por-todas-QtjFedAEXus-350x197.jpg 350w, https:\/\/arduxop.com.br\/loja\/wp-content\/uploads\/2019\/03\/afinal-o-que-internet-das-coisas-iot-entenda-de-uma-vez-por-todas-QtjFedAEXus-680x383.jpg 680w, https:\/\/arduxop.com.br\/loja\/wp-content\/uploads\/2019\/03\/afinal-o-que-internet-das-coisas-iot-entenda-de-uma-vez-por-todas-QtjFedAEXus-64x36.jpg 64w, https:\/\/arduxop.com.br\/loja\/wp-content\/uploads\/2019\/03\/afinal-o-que-internet-das-coisas-iot-entenda-de-uma-vez-por-todas-QtjFedAEXus-1024x576.jpg 1024w, https:\/\/arduxop.com.br\/loja\/wp-content\/uploads\/2019\/03\/afinal-o-que-internet-das-coisas-iot-entenda-de-uma-vez-por-todas-QtjFedAEXus-768x432.jpg 768w, https:\/\/arduxop.com.br\/loja\/wp-content\/uploads\/2019\/03\/afinal-o-que-internet-das-coisas-iot-entenda-de-uma-vez-por-todas-QtjFedAEXus-600x338.jpg 600w, https:\/\/arduxop.com.br\/loja\/wp-content\/uploads\/2019\/03\/afinal-o-que-internet-das-coisas-iot-entenda-de-uma-vez-por-todas-QtjFedAEXus-280x158.jpg 280w, https:\/\/arduxop.com.br\/loja\/wp-content\/uploads\/2019\/03\/afinal-o-que-internet-das-coisas-iot-entenda-de-uma-vez-por-todas-QtjFedAEXus.jpg 1000w\" sizes=\"(max-width: 300px) 100vw, 300px\" \/><\/div><\/a>\n\t\t\t\t<div class=\"elementor-post__text\">\n\t\t\t\t<h3 class=\"elementor-post__title\">\n\t\t\t<a href=\"https:\/\/arduxop.com.br\/loja\/afinal-o-que-e-internet-das-coisas-iot-entenda-de-uma-vez-por-todas\/\" target=&quot;_blank&quot;>\n\t\t\t\tAFINAL O QUE \u00c9 INTERNET DAS COISAS? (IoT) Entenda de uma vez por todas\t\t\t<\/a>\n\t\t<\/h3>\n\t\t\t\t<div class=\"elementor-post__excerpt\">\n\t\t\t<p>https:\/\/youtu.be\/QtjFedAEXus A &#8220;Internet das coisas &#8211; Internet of Things&#8221; (IoT) est\u00e1 se tornando um assunto cada vez mais crescente em conversas, tanto no local de<\/p>\n\t\t<\/div>\n\t\t\n\t\t<a class=\"elementor-post__read-more\" href=\"https:\/\/arduxop.com.br\/loja\/afinal-o-que-e-internet-das-coisas-iot-entenda-de-uma-vez-por-todas\/\" aria-label=\"Read more about AFINAL O QUE \u00c9 INTERNET DAS COISAS? (IoT) Entenda de uma vez por todas\" tabindex=\"-1\" target=\"_blank\">\n\t\t\tLeia Mais\t\t<\/a>\n\n\t\t\t\t<\/div>\n\t\t\t\t\t<\/div>\n\t\t<\/article>\n\t\t\t\t<article class=\"elementor-post elementor-grid-item post-3692 post type-post status-publish format-standard has-post-thumbnail hentry category-videos entry has-media owp-thumbs-layout-horizontal owp-btn-normal owp-tabs-layout-horizontal has-no-thumbnails has-product-nav\">\n\t\t\t<div class=\"elementor-post__card\">\n\t\t\t\t<a class=\"elementor-post__thumbnail__link\" href=\"https:\/\/arduxop.com.br\/loja\/instalacao-portable-no-arduino-ide\/\" tabindex=\"-1\" target=\"_blank\"><div class=\"elementor-post__thumbnail\"><img loading=\"lazy\" decoding=\"async\" width=\"300\" height=\"169\" src=\"https:\/\/arduxop.com.br\/loja\/wp-content\/uploads\/2019\/03\/instala-o-portable-no-arduino-ide-W5SMYuaz1qY-300x169.jpg\" class=\"attachment-medium size-medium wp-image-3694\" alt=\"\" srcset=\"https:\/\/arduxop.com.br\/loja\/wp-content\/uploads\/2019\/03\/instala-o-portable-no-arduino-ide-W5SMYuaz1qY-300x169.jpg 300w, https:\/\/arduxop.com.br\/loja\/wp-content\/uploads\/2019\/03\/instala-o-portable-no-arduino-ide-W5SMYuaz1qY-350x197.jpg 350w, https:\/\/arduxop.com.br\/loja\/wp-content\/uploads\/2019\/03\/instala-o-portable-no-arduino-ide-W5SMYuaz1qY-680x383.jpg 680w, https:\/\/arduxop.com.br\/loja\/wp-content\/uploads\/2019\/03\/instala-o-portable-no-arduino-ide-W5SMYuaz1qY-64x36.jpg 64w, https:\/\/arduxop.com.br\/loja\/wp-content\/uploads\/2019\/03\/instala-o-portable-no-arduino-ide-W5SMYuaz1qY-1024x576.jpg 1024w, https:\/\/arduxop.com.br\/loja\/wp-content\/uploads\/2019\/03\/instala-o-portable-no-arduino-ide-W5SMYuaz1qY-768x432.jpg 768w, https:\/\/arduxop.com.br\/loja\/wp-content\/uploads\/2019\/03\/instala-o-portable-no-arduino-ide-W5SMYuaz1qY-600x338.jpg 600w, https:\/\/arduxop.com.br\/loja\/wp-content\/uploads\/2019\/03\/instala-o-portable-no-arduino-ide-W5SMYuaz1qY-280x158.jpg 280w, https:\/\/arduxop.com.br\/loja\/wp-content\/uploads\/2019\/03\/instala-o-portable-no-arduino-ide-W5SMYuaz1qY.jpg 1000w\" sizes=\"(max-width: 300px) 100vw, 300px\" \/><\/div><\/a>\n\t\t\t\t<div class=\"elementor-post__text\">\n\t\t\t\t<h3 class=\"elementor-post__title\">\n\t\t\t<a href=\"https:\/\/arduxop.com.br\/loja\/instalacao-portable-no-arduino-ide\/\" target=&quot;_blank&quot;>\n\t\t\t\tInstala\u00e7\u00e3o Portable no Arduino IDE\t\t\t<\/a>\n\t\t<\/h3>\n\t\t\t\t<div class=\"elementor-post__excerpt\">\n\t\t\t<p>A instala\u00e7\u00e3o port\u00e1til da Arduino IDE. Hoje vou te apresentar essa op\u00e7\u00e3o que pode ser um al\u00edvio para os programadores. \u00c9 bastante simples e te<\/p>\n\t\t<\/div>\n\t\t\n\t\t<a class=\"elementor-post__read-more\" href=\"https:\/\/arduxop.com.br\/loja\/instalacao-portable-no-arduino-ide\/\" aria-label=\"Read more about Instala\u00e7\u00e3o Portable no Arduino IDE\" tabindex=\"-1\" target=\"_blank\">\n\t\t\tLeia Mais\t\t<\/a>\n\n\t\t\t\t<\/div>\n\t\t\t\t\t<\/div>\n\t\t<\/article>\n\t\t\t\t<article class=\"elementor-post elementor-grid-item post-3598 post type-post status-publish format-standard has-post-thumbnail hentry category-videos entry has-media owp-thumbs-layout-horizontal owp-btn-normal owp-tabs-layout-horizontal has-no-thumbnails has-product-nav\">\n\t\t\t<div class=\"elementor-post__card\">\n\t\t\t\t<a class=\"elementor-post__thumbnail__link\" href=\"https:\/\/arduxop.com.br\/loja\/bingo-eletronico\/\" tabindex=\"-1\" target=\"_blank\"><div class=\"elementor-post__thumbnail\"><img loading=\"lazy\" decoding=\"async\" width=\"300\" height=\"225\" src=\"https:\/\/arduxop.com.br\/loja\/wp-content\/uploads\/2019\/02\/bingo-eletronico-5xI1wdhNFYM-300x225.jpg\" class=\"attachment-medium size-medium wp-image-3600\" alt=\"\" srcset=\"https:\/\/arduxop.com.br\/loja\/wp-content\/uploads\/2019\/02\/bingo-eletronico-5xI1wdhNFYM-300x225.jpg 300w, https:\/\/arduxop.com.br\/loja\/wp-content\/uploads\/2019\/02\/bingo-eletronico-5xI1wdhNFYM-350x263.jpg 350w, https:\/\/arduxop.com.br\/loja\/wp-content\/uploads\/2019\/02\/bingo-eletronico-5xI1wdhNFYM-64x48.jpg 64w, https:\/\/arduxop.com.br\/loja\/wp-content\/uploads\/2019\/02\/bingo-eletronico-5xI1wdhNFYM.jpg 480w\" sizes=\"(max-width: 300px) 100vw, 300px\" \/><\/div><\/a>\n\t\t\t\t<div class=\"elementor-post__text\">\n\t\t\t\t<h3 class=\"elementor-post__title\">\n\t\t\t<a href=\"https:\/\/arduxop.com.br\/loja\/bingo-eletronico\/\" target=&quot;_blank&quot;>\n\t\t\t\tBingo Eletr\u00f4nico\t\t\t<\/a>\n\t\t<\/h3>\n\t\t\t\t<div class=\"elementor-post__excerpt\">\n\t\t\t<p>Um sistema de sorteio de bingo totalmente autom\u00e1tizado que, ao apertar um bot\u00e3o sorteia um n\u00famero, marca na planilha do Excel e ainda fala o<\/p>\n\t\t<\/div>\n\t\t\n\t\t<a class=\"elementor-post__read-more\" href=\"https:\/\/arduxop.com.br\/loja\/bingo-eletronico\/\" aria-label=\"Read more about Bingo Eletr\u00f4nico\" tabindex=\"-1\" target=\"_blank\">\n\t\t\tLeia Mais\t\t<\/a>\n\n\t\t\t\t<\/div>\n\t\t\t\t\t<\/div>\n\t\t<\/article>\n\t\t\t\t<\/div>\n\t\t\n\t\t\t\t\t\t<\/div>\n\t\t\t\t<\/div>\n\t\t\t\t\t<\/div>\n\t\t<\/div>\n\t\t\t\t\t<\/div>\n\t\t<\/section>\n\t\t\t\t<\/div>\n\t\t","protected":false},"excerpt":{"rendered":"","protected":false},"author":1,"featured_media":0,"parent":0,"menu_order":0,"comment_status":"closed","ping_status":"closed","template":"","meta":{"footnotes":""},"class_list":["post-17014","page","type-page","status-publish","hentry","entry","has-media","owp-thumbs-layout-horizontal","owp-btn-normal","owp-tabs-layout-horizontal","has-no-thumbnails","has-product-nav"],"_links":{"self":[{"href":"https:\/\/arduxop.com.br\/loja\/wp-json\/wp\/v2\/pages\/17014","targetHints":{"allow":["GET"]}}],"collection":[{"href":"https:\/\/arduxop.com.br\/loja\/wp-json\/wp\/v2\/pages"}],"about":[{"href":"https:\/\/arduxop.com.br\/loja\/wp-json\/wp\/v2\/types\/page"}],"author":[{"embeddable":true,"href":"https:\/\/arduxop.com.br\/loja\/wp-json\/wp\/v2\/users\/1"}],"replies":[{"embeddable":true,"href":"https:\/\/arduxop.com.br\/loja\/wp-json\/wp\/v2\/comments?post=17014"}],"version-history":[{"count":0,"href":"https:\/\/arduxop.com.br\/loja\/wp-json\/wp\/v2\/pages\/17014\/revisions"}],"wp:attachment":[{"href":"https:\/\/arduxop.com.br\/loja\/wp-json\/wp\/v2\/media?parent=17014"}],"curies":[{"name":"wp","href":"https:\/\/api.w.org\/{rel}","templated":true}]}}