{"id":17004,"date":"2021-08-04T18:26:19","date_gmt":"2021-08-04T21:26:19","guid":{"rendered":"https:\/\/arduxop.com.br\/loja\/?page_id=17004"},"modified":"2021-08-04T18:44:48","modified_gmt":"2021-08-04T21:44:48","slug":"artigos2","status":"publish","type":"page","link":"https:\/\/arduxop.com.br\/loja\/artigos2\/","title":{"rendered":"Artigos2"},"content":{"rendered":"\t\t<div data-elementor-type=\"wp-page\" data-elementor-id=\"17004\" class=\"elementor elementor-17004\" data-elementor-post-type=\"page\">\n\t\t\t\t\t\t<section class=\"elementor-section elementor-top-section elementor-element elementor-element-22bfbca elementor-section-full_width elementor-section-height-default elementor-section-height-default\" data-id=\"22bfbca\" data-element_type=\"section\" data-e-type=\"section\">\n\t\t\t\t\t\t<div class=\"elementor-container elementor-column-gap-default\">\n\t\t\t\t\t<div class=\"elementor-column elementor-col-100 elementor-top-column elementor-element elementor-element-b3a3fe7\" data-id=\"b3a3fe7\" data-element_type=\"column\" data-e-type=\"column\">\n\t\t\t<div class=\"elementor-widget-wrap elementor-element-populated\">\n\t\t\t\t\t\t<div class=\"elementor-element elementor-element-e21dc7f elementor-grid-3 elementor-grid-tablet-2 elementor-grid-mobile-1 elementor-posts--thumbnail-top elementor-card-shadow-yes elementor-posts__hover-gradient elementor-widget elementor-widget-posts\" data-id=\"e21dc7f\" data-element_type=\"widget\" data-e-type=\"widget\" data-settings=\"{&quot;cards_columns&quot;:&quot;3&quot;,&quot;cards_columns_tablet&quot;:&quot;2&quot;,&quot;cards_columns_mobile&quot;:&quot;1&quot;,&quot;cards_row_gap&quot;:{&quot;unit&quot;:&quot;px&quot;,&quot;size&quot;:35,&quot;sizes&quot;:[]},&quot;cards_row_gap_tablet&quot;:{&quot;unit&quot;:&quot;px&quot;,&quot;size&quot;:&quot;&quot;,&quot;sizes&quot;:[]},&quot;cards_row_gap_mobile&quot;:{&quot;unit&quot;:&quot;px&quot;,&quot;size&quot;:&quot;&quot;,&quot;sizes&quot;:[]}}\" data-widget_type=\"posts.cards\">\n\t\t\t\t<div class=\"elementor-widget-container\">\n\t\t\t\t\t\t\t<div class=\"elementor-posts-container elementor-posts elementor-posts--skin-cards elementor-grid\">\n\t\t\t\t<article class=\"elementor-post elementor-grid-item post-17267 post type-post status-publish format-standard has-post-thumbnail hentry category-artigos category-blog entry has-media owp-thumbs-layout-horizontal owp-btn-normal owp-tabs-layout-horizontal has-no-thumbnails has-product-nav\">\n\t\t\t<div class=\"elementor-post__card\">\n\t\t\t\t<a class=\"elementor-post__thumbnail__link\" href=\"https:\/\/arduxop.com.br\/loja\/arduino-self-balancing-robot\/\" tabindex=\"-1\" target=\"_blank\"><div class=\"elementor-post__thumbnail\"><img decoding=\"async\" width=\"300\" height=\"155\" src=\"https:\/\/arduxop.com.br\/loja\/wp-content\/uploads\/2022\/01\/Self-Balancing-Robot-Using-Arduino-e1624261555302-300x155.jpeg\" class=\"attachment-medium size-medium wp-image-17268\" alt=\"\" srcset=\"https:\/\/arduxop.com.br\/loja\/wp-content\/uploads\/2022\/01\/Self-Balancing-Robot-Using-Arduino-e1624261555302-300x155.jpeg 300w, https:\/\/arduxop.com.br\/loja\/wp-content\/uploads\/2022\/01\/Self-Balancing-Robot-Using-Arduino-e1624261555302-350x181.jpeg 350w, https:\/\/arduxop.com.br\/loja\/wp-content\/uploads\/2022\/01\/Self-Balancing-Robot-Using-Arduino-e1624261555302-64x33.jpeg 64w, https:\/\/arduxop.com.br\/loja\/wp-content\/uploads\/2022\/01\/Self-Balancing-Robot-Using-Arduino-e1624261555302.jpeg 640w\" sizes=\"(max-width: 300px) 100vw, 300px\" \/><\/div><\/a>\n\t\t\t\t<div class=\"elementor-post__text\">\n\t\t\t\t<h3 class=\"elementor-post__title\">\n\t\t\t<a href=\"https:\/\/arduxop.com.br\/loja\/arduino-self-balancing-robot\/\" target=&quot;_blank&quot;>\n\t\t\t\tArduino Self Balancing Robot\t\t\t<\/a>\n\t\t<\/h3>\n\t\t\t\t<div class=\"elementor-post__excerpt\">\n\t\t\t<p>Skip to content Electro Gadget Project Arduino Self Balancing Robot Using MPU6050 Accelerometer In this robotics project, we are going to make a self balancing<\/p>\n\t\t<\/div>\n\t\t\n\t\t<a class=\"elementor-post__read-more\" href=\"https:\/\/arduxop.com.br\/loja\/arduino-self-balancing-robot\/\" aria-label=\"Read more about Arduino Self Balancing Robot\" tabindex=\"-1\" target=\"_blank\">\n\t\t\tLeia Mais\t\t<\/a>\n\n\t\t\t\t<\/div>\n\t\t\t\t\t<\/div>\n\t\t<\/article>\n\t\t\t\t<article class=\"elementor-post elementor-grid-item post-17095 post type-post status-publish format-standard has-post-thumbnail hentry category-artigos category-sem-categoria entry has-media owp-thumbs-layout-horizontal owp-btn-normal owp-tabs-layout-horizontal has-no-thumbnails has-product-nav\">\n\t\t\t<div class=\"elementor-post__card\">\n\t\t\t\t<a class=\"elementor-post__thumbnail__link\" href=\"https:\/\/arduxop.com.br\/loja\/delay-com-millis-multitarefas\/\" tabindex=\"-1\" target=\"_blank\"><div class=\"elementor-post__thumbnail\"><img fetchpriority=\"high\" decoding=\"async\" width=\"300\" height=\"168\" src=\"https:\/\/arduxop.com.br\/loja\/wp-content\/uploads\/2021\/10\/millis.jpg\" class=\"attachment-medium size-medium wp-image-17774\" alt=\"\" \/><\/div><\/a>\n\t\t\t\t<div class=\"elementor-post__text\">\n\t\t\t\t<h3 class=\"elementor-post__title\">\n\t\t\t<a href=\"https:\/\/arduxop.com.br\/loja\/delay-com-millis-multitarefas\/\" target=&quot;_blank&quot;>\n\t\t\t\tDelay com Millis() &#8211; Multitarefas\t\t\t<\/a>\n\t\t<\/h3>\n\t\t\t\t<div class=\"elementor-post__excerpt\">\n\t\t\t<p>Delay com Millis() &#8211; Multitarefas Quando \u00e9 necess\u00e1rio executarmos v\u00e1rias tarefas ao mesmo tempo, precisamos limitar a utiliza\u00e7\u00e3o do delay() no c\u00f3digo fonte, e utilizarmos<\/p>\n\t\t<\/div>\n\t\t\n\t\t<a class=\"elementor-post__read-more\" href=\"https:\/\/arduxop.com.br\/loja\/delay-com-millis-multitarefas\/\" aria-label=\"Read more about Delay com Millis() &#8211; Multitarefas\" tabindex=\"-1\" target=\"_blank\">\n\t\t\tLeia Mais\t\t<\/a>\n\n\t\t\t\t<\/div>\n\t\t\t\t\t<\/div>\n\t\t<\/article>\n\t\t\t\t<article class=\"elementor-post elementor-grid-item post-17000 post type-post status-publish format-standard has-post-thumbnail hentry category-artigos category-blog category-sem-categoria entry has-media owp-thumbs-layout-horizontal owp-btn-normal owp-tabs-layout-horizontal has-no-thumbnails has-product-nav\">\n\t\t\t<div class=\"elementor-post__card\">\n\t\t\t\t<a class=\"elementor-post__thumbnail__link\" href=\"https:\/\/arduxop.com.br\/loja\/multitarefa-em-esp32-com-arduino-e-freertos\/\" tabindex=\"-1\" target=\"_blank\"><div class=\"elementor-post__thumbnail\"><img decoding=\"async\" width=\"300\" height=\"169\" src=\"https:\/\/arduxop.com.br\/loja\/wp-content\/uploads\/2021\/08\/figura-46-300x169.png\" class=\"attachment-medium size-medium wp-image-17002\" alt=\"\" srcset=\"https:\/\/arduxop.com.br\/loja\/wp-content\/uploads\/2021\/08\/figura-46-300x169.png 300w, https:\/\/arduxop.com.br\/loja\/wp-content\/uploads\/2021\/08\/figura-46-350x197.png 350w, https:\/\/arduxop.com.br\/loja\/wp-content\/uploads\/2021\/08\/figura-46-680x383.png 680w, https:\/\/arduxop.com.br\/loja\/wp-content\/uploads\/2021\/08\/figura-46-64x36.png 64w, https:\/\/arduxop.com.br\/loja\/wp-content\/uploads\/2021\/08\/figura-46-1024x576.png 1024w, https:\/\/arduxop.com.br\/loja\/wp-content\/uploads\/2021\/08\/figura-46-768x432.png 768w, https:\/\/arduxop.com.br\/loja\/wp-content\/uploads\/2021\/08\/figura-46.png 1000w\" sizes=\"(max-width: 300px) 100vw, 300px\" \/><\/div><\/a>\n\t\t\t\t<div class=\"elementor-post__text\">\n\t\t\t\t<h3 class=\"elementor-post__title\">\n\t\t\t<a href=\"https:\/\/arduxop.com.br\/loja\/multitarefa-em-esp32-com-arduino-e-freertos\/\" target=&quot;_blank&quot;>\n\t\t\t\tMultitarefa em ESP32 com Arduino e FreeRTOS\t\t\t<\/a>\n\t\t<\/h3>\n\t\t\t\t<div class=\"elementor-post__excerpt\">\n\t\t\t<p>Existem v\u00e1rios casos de uso para querer multitarefa em um microcontrolador. Por exemplo: voc\u00ea pode ter um microcontrolador que l\u00ea um sensor de temperatura, mostra-o<\/p>\n\t\t<\/div>\n\t\t\n\t\t<a class=\"elementor-post__read-more\" href=\"https:\/\/arduxop.com.br\/loja\/multitarefa-em-esp32-com-arduino-e-freertos\/\" aria-label=\"Read more about Multitarefa em ESP32 com Arduino e FreeRTOS\" tabindex=\"-1\" target=\"_blank\">\n\t\t\tLeia Mais\t\t<\/a>\n\n\t\t\t\t<\/div>\n\t\t\t\t\t<\/div>\n\t\t<\/article>\n\t\t\t\t<article class=\"elementor-post elementor-grid-item post-3182 post type-post status-publish format-standard hentry category-artigos category-blog category-sem-categoria entry owp-thumbs-layout-horizontal owp-btn-normal owp-tabs-layout-horizontal has-no-thumbnails has-product-nav\">\n\t\t\t<div class=\"elementor-post__card\">\n\t\t\t\t<div class=\"elementor-post__text\">\n\t\t\t\t<h3 class=\"elementor-post__title\">\n\t\t\t<a href=\"https:\/\/arduxop.com.br\/loja\/multi-tasking-the-arduino-part-1\/\" target=&quot;_blank&quot;>\n\t\t\t\tMulti-tasking the Arduino &#8211; Part 1\t\t\t<\/a>\n\t\t<\/h3>\n\t\t\t\t<div class=\"elementor-post__excerpt\">\n\t\t\t<p>Multi-tasking the Arduino &#8211; Part 1 Courtesy of Adafruit Industries Bigger and Better Projects Once you have mastered the basic blinking leds, simple sensors and<\/p>\n\t\t<\/div>\n\t\t\n\t\t<a class=\"elementor-post__read-more\" href=\"https:\/\/arduxop.com.br\/loja\/multi-tasking-the-arduino-part-1\/\" aria-label=\"Read more about Multi-tasking the Arduino &#8211; Part 1\" tabindex=\"-1\" target=\"_blank\">\n\t\t\tLeia Mais\t\t<\/a>\n\n\t\t\t\t<\/div>\n\t\t\t\t\t<\/div>\n\t\t<\/article>\n\t\t\t\t<article class=\"elementor-post elementor-grid-item post-3184 post type-post status-publish format-standard hentry category-artigos category-blog category-sem-categoria entry owp-thumbs-layout-horizontal owp-btn-normal owp-tabs-layout-horizontal has-no-thumbnails has-product-nav\">\n\t\t\t<div class=\"elementor-post__card\">\n\t\t\t\t<div class=\"elementor-post__text\">\n\t\t\t\t<h3 class=\"elementor-post__title\">\n\t\t\t<a href=\"https:\/\/arduxop.com.br\/loja\/multi-tasking-the-arduino-part-2\/\" target=&quot;_blank&quot;>\n\t\t\t\tMulti-tasking the Arduino &#8211; Part 2\t\t\t<\/a>\n\t\t<\/h3>\n\t\t\t\t<div class=\"elementor-post__excerpt\">\n\t\t\t<p>In this guide we\u2019ll build on the techniques learned in Part 1\u00a0of the series while we explore several types of Arduino interrupts\u00a0and show how they<\/p>\n\t\t<\/div>\n\t\t\n\t\t<a class=\"elementor-post__read-more\" href=\"https:\/\/arduxop.com.br\/loja\/multi-tasking-the-arduino-part-2\/\" aria-label=\"Read more about Multi-tasking the Arduino &#8211; Part 2\" tabindex=\"-1\" target=\"_blank\">\n\t\t\tLeia Mais\t\t<\/a>\n\n\t\t\t\t<\/div>\n\t\t\t\t\t<\/div>\n\t\t<\/article>\n\t\t\t\t<article class=\"elementor-post elementor-grid-item post-10296 post type-post status-publish format-standard has-post-thumbnail hentry category-artigos category-blog tag-a4988 entry has-media owp-thumbs-layout-horizontal owp-btn-normal owp-tabs-layout-horizontal has-no-thumbnails has-product-nav\">\n\t\t\t<div class=\"elementor-post__card\">\n\t\t\t\t<a class=\"elementor-post__thumbnail__link\" href=\"https:\/\/arduxop.com.br\/loja\/tudo-sobre-driver-a4988-e-motor-de-passo-usando-o-arduino\/\" tabindex=\"-1\" target=\"_blank\"><div class=\"elementor-post__thumbnail\"><img loading=\"lazy\" decoding=\"async\" width=\"300\" height=\"300\" src=\"https:\/\/arduxop.com.br\/loja\/wp-content\/uploads\/2018\/01\/driver-motor-de-passo-a4988-stepstick-pololu-reprap-ramps-637001-MLB20252170560_022015-O__67640-300x300.jpg\" class=\"attachment-medium size-medium wp-image-1346\" alt=\"\" srcset=\"https:\/\/arduxop.com.br\/loja\/wp-content\/uploads\/2018\/01\/driver-motor-de-passo-a4988-stepstick-pololu-reprap-ramps-637001-MLB20252170560_022015-O__67640-300x300.jpg 300w, https:\/\/arduxop.com.br\/loja\/wp-content\/uploads\/2018\/01\/driver-motor-de-passo-a4988-stepstick-pololu-reprap-ramps-637001-MLB20252170560_022015-O__67640-350x350.jpg 350w, https:\/\/arduxop.com.br\/loja\/wp-content\/uploads\/2018\/01\/driver-motor-de-passo-a4988-stepstick-pololu-reprap-ramps-637001-MLB20252170560_022015-O__67640-100x100.jpg 100w, https:\/\/arduxop.com.br\/loja\/wp-content\/uploads\/2018\/01\/driver-motor-de-passo-a4988-stepstick-pololu-reprap-ramps-637001-MLB20252170560_022015-O__67640-64x64.jpg 64w, https:\/\/arduxop.com.br\/loja\/wp-content\/uploads\/2018\/01\/driver-motor-de-passo-a4988-stepstick-pololu-reprap-ramps-637001-MLB20252170560_022015-O__67640-150x150.jpg 150w, https:\/\/arduxop.com.br\/loja\/wp-content\/uploads\/2018\/01\/driver-motor-de-passo-a4988-stepstick-pololu-reprap-ramps-637001-MLB20252170560_022015-O__67640-75x75.jpg 75w, https:\/\/arduxop.com.br\/loja\/wp-content\/uploads\/2018\/01\/driver-motor-de-passo-a4988-stepstick-pololu-reprap-ramps-637001-MLB20252170560_022015-O__67640-444x444.jpg 444w, https:\/\/arduxop.com.br\/loja\/wp-content\/uploads\/2018\/01\/driver-motor-de-passo-a4988-stepstick-pololu-reprap-ramps-637001-MLB20252170560_022015-O__67640.jpg 500w\" sizes=\"(max-width: 300px) 100vw, 300px\" \/><\/div><\/a>\n\t\t\t\t<div class=\"elementor-post__text\">\n\t\t\t\t<h3 class=\"elementor-post__title\">\n\t\t\t<a href=\"https:\/\/arduxop.com.br\/loja\/tudo-sobre-driver-a4988-e-motor-de-passo-usando-o-arduino\/\" target=&quot;_blank&quot;>\n\t\t\t\tTudo sobre DRIVER A4988 e Motor de Passo > Usando o Arduino\t\t\t<\/a>\n\t\t<\/h3>\n\t\t\t\t<div class=\"elementor-post__excerpt\">\n\t\t\t<p>Tudo sobre DRIVER A4988 e Motor de Passo &gt; Usando o Arduino &nbsp; Nesse tutorial\u00a0 DRIVER A4988 + Motor de Passo &gt; Usando o Arduino,<\/p>\n\t\t<\/div>\n\t\t\n\t\t<a class=\"elementor-post__read-more\" href=\"https:\/\/arduxop.com.br\/loja\/tudo-sobre-driver-a4988-e-motor-de-passo-usando-o-arduino\/\" aria-label=\"Read more about Tudo sobre DRIVER A4988 e Motor de Passo &gt; Usando o Arduino\" tabindex=\"-1\" target=\"_blank\">\n\t\t\tLeia Mais\t\t<\/a>\n\n\t\t\t\t<\/div>\n\t\t\t\t\t<\/div>\n\t\t<\/article>\n\t\t\t\t<article class=\"elementor-post elementor-grid-item post-3665 post type-post status-publish format-standard has-post-thumbnail hentry category-artigos category-blog entry has-media owp-thumbs-layout-horizontal owp-btn-normal owp-tabs-layout-horizontal has-no-thumbnails has-product-nav\">\n\t\t\t<div class=\"elementor-post__card\">\n\t\t\t\t<a class=\"elementor-post__thumbnail__link\" href=\"https:\/\/arduxop.com.br\/loja\/build-an-esp8266-web-server-code-and-schematics\/\" tabindex=\"-1\" target=\"_blank\"><div class=\"elementor-post__thumbnail\"><img loading=\"lazy\" decoding=\"async\" width=\"300\" height=\"169\" src=\"https:\/\/arduxop.com.br\/loja\/wp-content\/uploads\/2019\/03\/esp8266-web-server-thumbnail-300x169.jpg\" class=\"attachment-medium size-medium wp-image-3666\" alt=\"\" srcset=\"https:\/\/arduxop.com.br\/loja\/wp-content\/uploads\/2019\/03\/esp8266-web-server-thumbnail-300x169.jpg 300w, https:\/\/arduxop.com.br\/loja\/wp-content\/uploads\/2019\/03\/esp8266-web-server-thumbnail-350x197.jpg 350w, https:\/\/arduxop.com.br\/loja\/wp-content\/uploads\/2019\/03\/esp8266-web-server-thumbnail-680x383.jpg 680w, https:\/\/arduxop.com.br\/loja\/wp-content\/uploads\/2019\/03\/esp8266-web-server-thumbnail-64x36.jpg 64w, https:\/\/arduxop.com.br\/loja\/wp-content\/uploads\/2019\/03\/esp8266-web-server-thumbnail-768x432.jpg 768w, https:\/\/arduxop.com.br\/loja\/wp-content\/uploads\/2019\/03\/esp8266-web-server-thumbnail-1024x576.jpg 1024w, https:\/\/arduxop.com.br\/loja\/wp-content\/uploads\/2019\/03\/esp8266-web-server-thumbnail-600x338.jpg 600w, https:\/\/arduxop.com.br\/loja\/wp-content\/uploads\/2019\/03\/esp8266-web-server-thumbnail-280x158.jpg 280w, https:\/\/arduxop.com.br\/loja\/wp-content\/uploads\/2019\/03\/esp8266-web-server-thumbnail.jpg 1000w\" sizes=\"(max-width: 300px) 100vw, 300px\" \/><\/div><\/a>\n\t\t\t\t<div class=\"elementor-post__text\">\n\t\t\t\t<h3 class=\"elementor-post__title\">\n\t\t\t<a href=\"https:\/\/arduxop.com.br\/loja\/build-an-esp8266-web-server-code-and-schematics\/\" target=&quot;_blank&quot;>\n\t\t\t\tBuild an ESP8266 Web Server \u2013 Code and Schematics\t\t\t<\/a>\n\t\t<\/h3>\n\t\t\t\t<div class=\"elementor-post__excerpt\">\n\t\t\t<p>Build an ESP8266 Web Server \u2013 Code and Schematics 117 Shares This tutorial is a step-by-step guide that shows you how to build a standalone<\/p>\n\t\t<\/div>\n\t\t\n\t\t<a class=\"elementor-post__read-more\" href=\"https:\/\/arduxop.com.br\/loja\/build-an-esp8266-web-server-code-and-schematics\/\" aria-label=\"Read more about Build an ESP8266 Web Server \u2013 Code and Schematics\" tabindex=\"-1\" target=\"_blank\">\n\t\t\tLeia Mais\t\t<\/a>\n\n\t\t\t\t<\/div>\n\t\t\t\t\t<\/div>\n\t\t<\/article>\n\t\t\t\t<article class=\"elementor-post elementor-grid-item post-3644 post type-post status-publish format-standard has-post-thumbnail hentry category-artigos category-blog entry has-media owp-thumbs-layout-horizontal owp-btn-normal owp-tabs-layout-horizontal has-no-thumbnails has-product-nav\">\n\t\t\t<div class=\"elementor-post__card\">\n\t\t\t\t<a class=\"elementor-post__thumbnail__link\" href=\"https:\/\/arduxop.com.br\/loja\/entendendo-o-arduino-uno-o-guia-definitivo\/\" tabindex=\"-1\" target=\"_blank\"><div class=\"elementor-post__thumbnail\"><img loading=\"lazy\" decoding=\"async\" width=\"300\" height=\"200\" src=\"https:\/\/arduxop.com.br\/loja\/wp-content\/uploads\/2019\/03\/2eb8c292962fb74bf5e6219b1661a9c4-300x200.jpg\" class=\"attachment-medium size-medium wp-image-3645\" alt=\"\" srcset=\"https:\/\/arduxop.com.br\/loja\/wp-content\/uploads\/2019\/03\/2eb8c292962fb74bf5e6219b1661a9c4-300x200.jpg 300w, https:\/\/arduxop.com.br\/loja\/wp-content\/uploads\/2019\/03\/2eb8c292962fb74bf5e6219b1661a9c4-350x233.jpg 350w, https:\/\/arduxop.com.br\/loja\/wp-content\/uploads\/2019\/03\/2eb8c292962fb74bf5e6219b1661a9c4-64x43.jpg 64w, https:\/\/arduxop.com.br\/loja\/wp-content\/uploads\/2019\/03\/2eb8c292962fb74bf5e6219b1661a9c4-600x399.jpg 600w, https:\/\/arduxop.com.br\/loja\/wp-content\/uploads\/2019\/03\/2eb8c292962fb74bf5e6219b1661a9c4-240x160.jpg 240w, https:\/\/arduxop.com.br\/loja\/wp-content\/uploads\/2019\/03\/2eb8c292962fb74bf5e6219b1661a9c4.jpg 640w\" sizes=\"(max-width: 300px) 100vw, 300px\" \/><\/div><\/a>\n\t\t\t\t<div class=\"elementor-post__text\">\n\t\t\t\t<h3 class=\"elementor-post__title\">\n\t\t\t<a href=\"https:\/\/arduxop.com.br\/loja\/entendendo-o-arduino-uno-o-guia-definitivo\/\" target=&quot;_blank&quot;>\n\t\t\t\tEntendendo o Arduino UNO \u2013 O Guia Definitivo\t\t\t<\/a>\n\t\t<\/h3>\n\t\t\t\t<div class=\"elementor-post__excerpt\">\n\t\t\t<p>Ir para conte\u00fado Home Blog Contato Facebook GitHub Loja Search EletroShields Arduino, Tutoriais Entendendo o Arduino UNO \u2013 O Guia\u00a0Definitivo Data: fevereiro 26, 2019Autor: mluiza6<\/p>\n\t\t<\/div>\n\t\t\n\t\t<a class=\"elementor-post__read-more\" href=\"https:\/\/arduxop.com.br\/loja\/entendendo-o-arduino-uno-o-guia-definitivo\/\" aria-label=\"Read more about Entendendo o Arduino UNO \u2013 O Guia Definitivo\" tabindex=\"-1\" target=\"_blank\">\n\t\t\tLeia Mais\t\t<\/a>\n\n\t\t\t\t<\/div>\n\t\t\t\t\t<\/div>\n\t\t<\/article>\n\t\t\t\t<article class=\"elementor-post elementor-grid-item post-3537 post type-post status-publish format-standard has-post-thumbnail hentry category-artigos category-blog entry has-media owp-thumbs-layout-horizontal owp-btn-normal owp-tabs-layout-horizontal has-no-thumbnails has-product-nav\">\n\t\t\t<div class=\"elementor-post__card\">\n\t\t\t\t<a class=\"elementor-post__thumbnail__link\" href=\"https:\/\/arduxop.com.br\/loja\/esp32-com-suporte-para-bateria-2\/\" tabindex=\"-1\" target=\"_blank\"><div class=\"elementor-post__thumbnail\"><img loading=\"lazy\" decoding=\"async\" width=\"300\" height=\"167\" src=\"https:\/\/arduxop.com.br\/loja\/wp-content\/uploads\/2018\/12\/6-300x167.png\" class=\"attachment-medium size-medium wp-image-3541\" alt=\"\" srcset=\"https:\/\/arduxop.com.br\/loja\/wp-content\/uploads\/2018\/12\/6-300x167.png 300w, https:\/\/arduxop.com.br\/loja\/wp-content\/uploads\/2018\/12\/6-350x195.jpg 350w, https:\/\/arduxop.com.br\/loja\/wp-content\/uploads\/2018\/12\/6-64x36.jpg 64w, https:\/\/arduxop.com.br\/loja\/wp-content\/uploads\/2018\/12\/6-600x335.png 600w, https:\/\/arduxop.com.br\/loja\/wp-content\/uploads\/2018\/12\/6-280x156.png 280w, https:\/\/arduxop.com.br\/loja\/wp-content\/uploads\/2018\/12\/6.jpg 640w\" sizes=\"(max-width: 300px) 100vw, 300px\" \/><\/div><\/a>\n\t\t\t\t<div class=\"elementor-post__text\">\n\t\t\t\t<h3 class=\"elementor-post__title\">\n\t\t\t<a href=\"https:\/\/arduxop.com.br\/loja\/esp32-com-suporte-para-bateria-2\/\" target=&quot;_blank&quot;>\n\t\t\t\tESP32 com suporte para bateria\t\t\t<\/a>\n\t\t<\/h3>\n\t\t\t\t<div class=\"elementor-post__excerpt\">\n\t\t\t<p>Hoje vou mostrar para voc\u00eas um ESP32 que vem com um suporte de bateria. Esta funciona como uma esp\u00e9cie de nobreak do microcontrolador quando acaba<\/p>\n\t\t<\/div>\n\t\t\n\t\t<a class=\"elementor-post__read-more\" href=\"https:\/\/arduxop.com.br\/loja\/esp32-com-suporte-para-bateria-2\/\" aria-label=\"Read more about ESP32 com suporte para bateria\" tabindex=\"-1\" target=\"_blank\">\n\t\t\tLeia Mais\t\t<\/a>\n\n\t\t\t\t<\/div>\n\t\t\t\t\t<\/div>\n\t\t<\/article>\n\t\t\t\t<\/div>\n\t\t\n\t\t\t\t\t\t<\/div>\n\t\t\t\t<\/div>\n\t\t\t\t\t<\/div>\n\t\t<\/div>\n\t\t\t\t\t<\/div>\n\t\t<\/section>\n\t\t\t\t<\/div>\n\t\t","protected":false},"excerpt":{"rendered":"","protected":false},"author":1,"featured_media":0,"parent":0,"menu_order":0,"comment_status":"closed","ping_status":"closed","template":"","meta":{"footnotes":""},"class_list":["post-17004","page","type-page","status-publish","hentry","entry","has-media","owp-thumbs-layout-horizontal","owp-btn-normal","owp-tabs-layout-horizontal","has-no-thumbnails","has-product-nav"],"_links":{"self":[{"href":"https:\/\/arduxop.com.br\/loja\/wp-json\/wp\/v2\/pages\/17004","targetHints":{"allow":["GET"]}}],"collection":[{"href":"https:\/\/arduxop.com.br\/loja\/wp-json\/wp\/v2\/pages"}],"about":[{"href":"https:\/\/arduxop.com.br\/loja\/wp-json\/wp\/v2\/types\/page"}],"author":[{"embeddable":true,"href":"https:\/\/arduxop.com.br\/loja\/wp-json\/wp\/v2\/users\/1"}],"replies":[{"embeddable":true,"href":"https:\/\/arduxop.com.br\/loja\/wp-json\/wp\/v2\/comments?post=17004"}],"version-history":[{"count":0,"href":"https:\/\/arduxop.com.br\/loja\/wp-json\/wp\/v2\/pages\/17004\/revisions"}],"wp:attachment":[{"href":"https:\/\/arduxop.com.br\/loja\/wp-json\/wp\/v2\/media?parent=17004"}],"curies":[{"name":"wp","href":"https:\/\/api.w.org\/{rel}","templated":true}]}}